{"id":4178,"date":"2023-11-10T14:45:58","date_gmt":"2023-11-10T13:45:58","guid":{"rendered":"https:\/\/www.eidenberg-agenda21.info\/web2\/?page_id=4178"},"modified":"2025-02-18T10:27:28","modified_gmt":"2025-02-18T09:27:28","slug":"egem-in-eidenberg","status":"publish","type":"page","link":"https:\/\/www.eidenberg-agenda21.info\/web2\/egem-in-eidenberg\/","title":{"rendered":"EGEM in Eidenberg"},"content":{"rendered":"<p><span style=\"\"><a href=\"https:\/\/eeg-eidenberg.at\/\" target=\"_blank\"><img decoding=\"async\" alt=\"\" data-id=\"4595\" width=\"1200\" data-init-width=\"2429\" height=\"601\" data-init-height=\"1217\" title=\"\" loading=\"lazy\" src=\"\/\/www.eidenberg-agenda21.info\/web2\/wp-content\/uploads\/2025\/02\/WEB-EEG-EIDENBERG-205x103-mm-01.png\" data-width=\"1200\" data-height=\"601\" style=\"aspect-ratio: auto 2429 \/ 1217;\" mt-d=\"-284\" ml-d=\"0\" center-v-d=\"false\" data-link-wrap=\"true\"><\/a><\/span><\/p>\n<p style=\"\">EGEM<\/p>\n<h1 style=\"\">Erneuerbare Energie-gemeinschaften<\/h1>\n<p>Ein Projekt zur Entwicklung erneuerbaren Energiegemeinschaften in unserem Ort.<\/p>\n<p><strong style=\"color: var(--tcb-skin-color-24); font-family: Montserrat; font-size: 40px;\">Kontakt<\/strong><\/p>\n<p><strong><strong>Peter Frittajon &amp; Gottfried Mair<\/strong><\/strong><a href=\"https:\/\/nic.at\/registrar\/693\" target=\"_blank\" style=\"outline: none;\">info@eeg-eidenberg.at<\/a><a href=\"http:\/\/www.eeg-eidenberg.at\" target=\"_blank\" style=\"outline: none;\">www.eeg-eidenberg.at<\/a><\/p>\n<p><span><img decoding=\"async\" alt=\"\" data-id=\"3950\" width=\"2560\" height=\"1920\" title=\"0023\" src=\"http:\/\/www.eidenberg-agenda21.info\/web2\/wp-content\/uploads\/2023\/11\/0023-1-1024x768.jpg\" data-src=\"http:\/\/www.eidenberg-agenda21.info\/web2\/wp-content\/uploads\/2023\/11\/0023-1-300x225.jpg\" loading=\"lazy\" data-sizes=\"{&quot;thumbnail&quot;:{&quot;height&quot;:150,&quot;width&quot;:150,&quot;url&quot;:&quot;http:\/\/www.eidenberg-agenda21.info\/web2\/wp-content\/uploads\/2023\/11\/0023-1-150x150.jpg&quot;,&quot;orientation&quot;:&quot;landscape&quot;},&quot;medium&quot;:{&quot;height&quot;:225,&quot;width&quot;:300,&quot;url&quot;:&quot;http:\/\/www.eidenberg-agenda21.info\/web2\/wp-content\/uploads\/2023\/11\/0023-1-300x225.jpg&quot;,&quot;orientation&quot;:&quot;landscape&quot;},&quot;large&quot;:{&quot;height&quot;:768,&quot;width&quot;:1024,&quot;url&quot;:&quot;http:\/\/www.eidenberg-agenda21.info\/web2\/wp-content\/uploads\/2023\/11\/0023-1-1024x768.jpg&quot;,&quot;orientation&quot;:&quot;landscape&quot;},&quot;full&quot;:{&quot;url&quot;:&quot;http:\/\/www.eidenberg-agenda21.info\/web2\/wp-content\/uploads\/2023\/11\/0023-1-scaled.jpg&quot;,&quot;height&quot;:1920,&quot;width&quot;:2560,&quot;orientation&quot;:&quot;landscape&quot;}}\" style=\"\"><\/span><span><img decoding=\"async\" alt=\"\" data-id=\"3948\" width=\"2560\" height=\"1920\" title=\"0024\" src=\"http:\/\/www.eidenberg-agenda21.info\/web2\/wp-content\/uploads\/2023\/11\/0024-1-1024x768.jpg\" data-src=\"http:\/\/www.eidenberg-agenda21.info\/web2\/wp-content\/uploads\/2023\/11\/0024-1-300x225.jpg\" loading=\"lazy\" data-sizes=\"{&quot;thumbnail&quot;:{&quot;height&quot;:150,&quot;width&quot;:150,&quot;url&quot;:&quot;http:\/\/www.eidenberg-agenda21.info\/web2\/wp-content\/uploads\/2023\/11\/0024-1-150x150.jpg&quot;,&quot;orientation&quot;:&quot;landscape&quot;},&quot;medium&quot;:{&quot;height&quot;:225,&quot;width&quot;:300,&quot;url&quot;:&quot;http:\/\/www.eidenberg-agenda21.info\/web2\/wp-content\/uploads\/2023\/11\/0024-1-300x225.jpg&quot;,&quot;orientation&quot;:&quot;landscape&quot;},&quot;large&quot;:{&quot;height&quot;:768,&quot;width&quot;:1024,&quot;url&quot;:&quot;http:\/\/www.eidenberg-agenda21.info\/web2\/wp-content\/uploads\/2023\/11\/0024-1-1024x768.jpg&quot;,&quot;orientation&quot;:&quot;landscape&quot;},&quot;full&quot;:{&quot;url&quot;:&quot;http:\/\/www.eidenberg-agenda21.info\/web2\/wp-content\/uploads\/2023\/11\/0024-1-scaled.jpg&quot;,&quot;height&quot;:1920,&quot;width&quot;:2560,&quot;orientation&quot;:&quot;landscape&quot;}}\" style=\"\"><\/span><span><img decoding=\"async\" alt=\"\" data-id=\"4595\" width=\"2429\" height=\"1217\" title=\"WEB EEG EIDENBERG 205x103 mm 01\" src=\"http:\/\/www.eidenberg-agenda21.info\/web2\/wp-content\/uploads\/2025\/02\/WEB-EEG-EIDENBERG-205x103-mm-01-1024x513.png\" data-src=\"http:\/\/www.eidenberg-agenda21.info\/web2\/wp-content\/uploads\/2025\/02\/WEB-EEG-EIDENBERG-205x103-mm-01-300x150.png\" loading=\"lazy\" data-sizes=\"{&quot;thumbnail&quot;:{&quot;height&quot;:150,&quot;width&quot;:150,&quot;url&quot;:&quot;http:\/\/www.eidenberg-agenda21.info\/web2\/wp-content\/uploads\/2025\/02\/WEB-EEG-EIDENBERG-205x103-mm-01-150x150.png&quot;,&quot;orientation&quot;:&quot;landscape&quot;},&quot;medium&quot;:{&quot;height&quot;:150,&quot;width&quot;:300,&quot;url&quot;:&quot;http:\/\/www.eidenberg-agenda21.info\/web2\/wp-content\/uploads\/2025\/02\/WEB-EEG-EIDENBERG-205x103-mm-01-300x150.png&quot;,&quot;orientation&quot;:&quot;landscape&quot;},&quot;large&quot;:{&quot;height&quot;:513,&quot;width&quot;:1024,&quot;url&quot;:&quot;http:\/\/www.eidenberg-agenda21.info\/web2\/wp-content\/uploads\/2025\/02\/WEB-EEG-EIDENBERG-205x103-mm-01-1024x513.png&quot;,&quot;orientation&quot;:&quot;landscape&quot;},&quot;full&quot;:{&quot;url&quot;:&quot;http:\/\/www.eidenberg-agenda21.info\/web2\/wp-content\/uploads\/2025\/02\/WEB-EEG-EIDENBERG-205x103-mm-01.png&quot;,&quot;height&quot;:1217,&quot;width&quot;:2429,&quot;orientation&quot;:&quot;landscape&quot;}}\" style=\"\"><\/span><\/p>\n<p style=\"\">Aktuelles<\/p>\n<h1 style=\"\">Aktuelles aus EGEM<\/h1>\n<p>&nbsp;<\/p>\n<h2 style=\"\"><span data-attr-date-format=\"F j, Y\" data-attr-date-format-select=\"F j, Y\" data-attr-show-time=\"0\" data-attr-time-format=\"\" data-attr-time-format-select=\"g:i a\" data-attr-type=\"published\" data-extra_key=\"\" data-option-inline=\"1\" data-shortcode=\"tcb_post_published_date\" data-shortcode-name=\"Post date\" style=\"\">Oktober 24, 2024 <\/span><\/h2>\n<h2 style=\"\"><span data-attr-link=\"0\" data-attr-rel=\"0\" data-attr-target=\"0\" data-extra_key=\"\" data-option-inline=\"1\" data-shortcode=\"tcb_post_title\" data-shortcode-name=\"Post title\">Strom aus Eidenberg beziehen &amp; Strom nach Eidenberg liefern<\/span><\/h2>\n<p>Die EEG Eidenberg wurde im Mai 2023 von einer Hand voll Enthusiasten gegr\u00fcndet. Seitdem wachsen wir kontinuierlich. Mit der Wasserkraft ist auch Strom in der Nacht vorhanden. Es ist noch genug Strom f\u00fcr weitere Bezieher verf\u00fcgbar. Mitmachen ist sehr einfach, auf www.eeg-eidenberg.at sind alle Informationen und auch die Formulare f\u00fcr die Teilnahme zu finden. *Der Bezugspreis entspricht dem Bruttobezugspreis der <a href=\"https:\/\/www.eidenberg-agenda21.info\/web2\/2024\/10\/strom-aus-eidenberg-beziehen-strom-nach-eidenberg-liefern\/#more-4460\">(weiterlesen)<\/a><\/p>\n<p><a href=\"https:\/\/www.eidenberg-agenda21.info\/web2\/2024\/10\/strom-aus-eidenberg-beziehen-strom-nach-eidenberg-liefern\/\" title=\"Strom aus Eidenberg beziehen &amp; Strom nach Eidenberg liefern\" data-type-url=\"post_url\" data-type-display=\"default_image\" data-css=\"\" data-size=\"medium\" data-post_id=\"4460\"><img width=\"300\" height=\"173\" src=\"http:\/\/www.eidenberg-agenda21.info\/web2\/wp-content\/uploads\/2024\/10\/image-3-300x173.png\" alt=\"\" decoding=\"async\" loading=\"lazy\" srcset=\"https:\/\/www.eidenberg-agenda21.info\/web2\/wp-content\/uploads\/2024\/10\/image-3-300x173.png 300w, https:\/\/www.eidenberg-agenda21.info\/web2\/wp-content\/uploads\/2024\/10\/image-3.png 481w\" sizes=\"auto, (max-width: 300px) 100vw, 300px\" \/><\/a><\/p>\n<h2 style=\"\"><span data-attr-date-format=\"F j, Y\" data-attr-date-format-select=\"F j, Y\" data-attr-show-time=\"0\" data-attr-time-format=\"\" data-attr-time-format-select=\"g:i a\" data-attr-type=\"published\" data-extra_key=\"\" data-option-inline=\"1\" data-shortcode=\"tcb_post_published_date\" data-shortcode-name=\"Post date\" style=\"\">M\u00e4rz 6, 2019 <\/span><\/h2>\n<h2 style=\"\"><span data-attr-link=\"0\" data-attr-rel=\"0\" data-attr-target=\"0\" data-extra_key=\"\" data-option-inline=\"1\" data-shortcode=\"tcb_post_title\" data-shortcode-name=\"Post title\">Nachtschw\u00e4rmerrtarif f\u00fcr das Elektroauto<\/span><\/h2>\n<p>&nbsp; F\u00fcr alle die auchNachts einmal mit dem Elektroauto weg wollen und dabei l\u00e4ngere Standzeiten in Kauf nehmen m\u00fcssen wie z.B beim Kino oer Theater, im Restaurant, in der Disco usw. gibt es den Nachtschw\u00e4rmertarif zu einem g\u00fcnstigen Fixpreis. Damit wird es noch g\u00fcnstiger mit dem Elektroauto zu fahren. Der NAchtschw\u00e4rmertarif kann ganz einfach bei dder Buchung ausgew\u00e4hlt werden. Wieder <a href=\"https:\/\/www.eidenberg-agenda21.info\/web2\/2019\/03\/nachtschwaermerrtarif-fuer-ds-elektroauto\/#more-1970\">(weiterlesen)<\/a><\/p>\n<p><a href=\"https:\/\/www.eidenberg-agenda21.info\/web2\/2019\/03\/nachtschwaermerrtarif-fuer-ds-elektroauto\/\" title=\"Nachtschw\u00e4rmerrtarif f\u00fcr das Elektroauto\" data-type-url=\"post_url\" data-type-display=\"default_image\" data-css=\"\" data-size=\"medium\" data-post_id=\"1970\"><img width=\"140\" height=\"300\" src=\"http:\/\/www.eidenberg-agenda21.info\/web2\/wp-content\/uploads\/2019\/02\/Nachtschw\u00e4rmertarif-140x300.jpg\" alt=\"\" decoding=\"async\" loading=\"lazy\" srcset=\"https:\/\/www.eidenberg-agenda21.info\/web2\/wp-content\/uploads\/2019\/02\/Nachtschw\u00e4rmertarif-140x300.jpg 140w, https:\/\/www.eidenberg-agenda21.info\/web2\/wp-content\/uploads\/2019\/02\/Nachtschw\u00e4rmertarif.jpg 479w\" sizes=\"auto, (max-width: 140px) 100vw, 140px\" \/><\/a><\/p>\n<h2 style=\"\"><span data-attr-date-format=\"F j, Y\" data-attr-date-format-select=\"F j, Y\" data-attr-show-time=\"0\" data-attr-time-format=\"\" data-attr-time-format-select=\"g:i a\" data-attr-type=\"published\" data-extra_key=\"\" data-option-inline=\"1\" data-shortcode=\"tcb_post_published_date\" data-shortcode-name=\"Post date\" style=\"\">Juni 29, 2017 <\/span><\/h2>\n<h2 style=\"\"><span data-attr-link=\"0\" data-attr-rel=\"0\" data-attr-target=\"0\" data-extra_key=\"\" data-option-inline=\"1\" data-shortcode=\"tcb_post_title\" data-shortcode-name=\"Post title\">E-Auto hat jetzt ein gr\u00fcnes Kennzeichen<\/span><\/h2>\n<p>Elektro Auto jetzt mit gr\u00fcnem Kennzeichen, ab sofort sind alle Elektroautos von U.We mobil mit einem gr\u00fcnen Kennzeichen ausgestattet. Damit sind sie bereits von Weitem als Elektroauto kenntlich gemacht und k\u00f6nnen zuk\u00fcnftig so manche Vorteile in Anspruch nehmen. &nbsp; Jetzt schon ist das Parken in Linz und in Freistadt in der geb\u00fchrenpflichtigen Kurzparkzone f\u00fcr Elektroautos mit gr\u00fcnem Kennzeichen kostenlos. Lediglich <a href=\"https:\/\/www.eidenberg-agenda21.info\/web2\/2017\/06\/e-auto-hat-jetzt-ein-gruenes-kennzeichen\/#more-1643\">(weiterlesen)<\/a><\/p>\n<p><a href=\"https:\/\/www.eidenberg-agenda21.info\/web2\/2017\/06\/e-auto-hat-jetzt-ein-gruenes-kennzeichen\/\" title=\"E-Auto hat jetzt ein gr\u00fcnes Kennzeichen\" data-type-url=\"post_url\" data-type-display=\"default_image\" data-css=\"\" data-size=\"medium\" data-post_id=\"1643\"><img width=\"215\" height=\"300\" src=\"http:\/\/www.eidenberg-agenda21.info\/web2\/wp-content\/uploads\/2017\/12\/12-215x300.jpg\" alt=\"\" decoding=\"async\" loading=\"lazy\" srcset=\"https:\/\/www.eidenberg-agenda21.info\/web2\/wp-content\/uploads\/2017\/12\/12-215x300.jpg 215w, https:\/\/www.eidenberg-agenda21.info\/web2\/wp-content\/uploads\/2017\/12\/12.jpg 735w\" sizes=\"auto, (max-width: 215px) 100vw, 215px\" \/><\/a><\/p>\n<h2 style=\"\"><span data-attr-date-format=\"F j, Y\" data-attr-date-format-select=\"F j, Y\" data-attr-show-time=\"0\" data-attr-time-format=\"\" data-attr-time-format-select=\"g:i a\" data-attr-type=\"published\" data-extra_key=\"\" data-option-inline=\"1\" data-shortcode=\"tcb_post_published_date\" data-shortcode-name=\"Post date\" style=\"\">Januar 29, 2017 <\/span><\/h2>\n<h2 style=\"\"><span data-attr-link=\"0\" data-attr-rel=\"0\" data-attr-target=\"0\" data-extra_key=\"\" data-option-inline=\"1\" data-shortcode=\"tcb_post_title\" data-shortcode-name=\"Post title\">Ladestation in Untergeng ist aktiv<\/span><\/h2>\n<p>Eine Ladestation f\u00fcr Elektrofahrzeuge ist von der Gemeinde Eidenberg jetzt auch in Untergeng aktiv. Ausgestattet mit einem Typ2 (22KW) und einem 220 V Schukostecker, k\u00f6nnen sowohl Elektroautos als auch Fahrr\u00e4der aufgeladen werden. Die Ladestation ist frei zug\u00e4nglich und 24 Stunden 7 Tage offen. Nach der Ladestation in Eidenberg, die ja auch f\u00fcr das Carsharing Auto genutzt wird, gibt es jetzt <a href=\"https:\/\/www.eidenberg-agenda21.info\/web2\/2017\/01\/ladestation-in-untergeng-ist-aktiv\/#more-1637\">(weiterlesen)<\/a><\/p>\n<p><a href=\"https:\/\/www.eidenberg-agenda21.info\/web2\/2017\/01\/ladestation-in-untergeng-ist-aktiv\/\" title=\"Ladestation in Untergeng ist aktiv\" data-type-url=\"post_url\" data-type-display=\"default_image\" data-css=\"\" data-size=\"medium\" data-post_id=\"1637\"><img width=\"225\" height=\"300\" src=\"http:\/\/www.eidenberg-agenda21.info\/web2\/wp-content\/uploads\/2017\/12\/18-225x300.jpg\" alt=\"\" decoding=\"async\" loading=\"lazy\" srcset=\"https:\/\/www.eidenberg-agenda21.info\/web2\/wp-content\/uploads\/2017\/12\/18-225x300.jpg 225w, https:\/\/www.eidenberg-agenda21.info\/web2\/wp-content\/uploads\/2017\/12\/18.jpg 768w\" sizes=\"auto, (max-width: 225px) 100vw, 225px\" \/><\/a><\/p>\n<h2 style=\"\"><span data-attr-date-format=\"F j, Y\" data-attr-date-format-select=\"F j, Y\" data-attr-show-time=\"0\" data-attr-time-format=\"\" data-attr-time-format-select=\"g:i a\" data-attr-type=\"published\" data-extra_key=\"\" data-option-inline=\"1\" data-shortcode=\"tcb_post_published_date\" data-shortcode-name=\"Post date\" style=\"\">September 18, 2016 <\/span><\/h2>\n<h2 style=\"\"><span data-attr-link=\"0\" data-attr-rel=\"0\" data-attr-target=\"0\" data-extra_key=\"\" data-option-inline=\"1\" data-shortcode=\"tcb_post_title\" data-shortcode-name=\"Post title\">Einladung zur Europ\u00e4ischen Mobilit\u00e4tswoche<\/span><\/h2>\n<p>vom 16. -22. September 2016 &nbsp; Weitere Infos unter www.regionuwe.at &nbsp; <a href=\"https:\/\/www.eidenberg-agenda21.info\/web2\/2016\/09\/einladung-zur-europaeischen-mobilitaetswoche\/#more-1631\">(weiterlesen)<\/a><\/p>\n<p><a href=\"https:\/\/www.eidenberg-agenda21.info\/web2\/2016\/09\/einladung-zur-europaeischen-mobilitaetswoche\/\" title=\"Einladung zur Europ\u00e4ischen Mobilit\u00e4tswoche\" data-type-url=\"post_url\" data-type-display=\"default_image\" data-css=\"\" data-size=\"medium\" data-post_id=\"1631\"><img width=\"200\" height=\"300\" src=\"http:\/\/www.eidenberg-agenda21.info\/web2\/wp-content\/uploads\/2016\/10\/24-200x300.jpg\" alt=\"\" decoding=\"async\" loading=\"lazy\" srcset=\"https:\/\/www.eidenberg-agenda21.info\/web2\/wp-content\/uploads\/2016\/10\/24-200x300.jpg 200w, https:\/\/www.eidenberg-agenda21.info\/web2\/wp-content\/uploads\/2016\/10\/24.jpg 682w\" sizes=\"auto, (max-width: 200px) 100vw, 200px\" \/><\/a><\/p>\n<h2 style=\"\"><span data-attr-date-format=\"F j, Y\" data-attr-date-format-select=\"F j, Y\" data-attr-show-time=\"0\" data-attr-time-format=\"\" data-attr-time-format-select=\"g:i a\" data-attr-type=\"published\" data-extra_key=\"\" data-option-inline=\"1\" data-shortcode=\"tcb_post_published_date\" data-shortcode-name=\"Post date\" style=\"\">Juni 23, 2016 <\/span><\/h2>\n<h2 style=\"\"><span data-attr-link=\"0\" data-attr-rel=\"0\" data-attr-target=\"0\" data-extra_key=\"\" data-option-inline=\"1\" data-shortcode=\"tcb_post_title\" data-shortcode-name=\"Post title\">Zoe ist in Eidenberg verf\u00fcgbar &#8211; Carsharing UU<\/span><\/h2>\n<p>Ab sofort steht das Auto, ein Renault Zoe im Carsharing bereit und kann von allen Mitgliedern ben\u00fctzt werden. Der Platz sowie die Ladestation befindet sich vor dem ehemaligen Gemeindeamt. &nbsp; Der zur Verf\u00fcgung stehende Renault Zoe ist aus der neueren Generation und hat eine angegeben Reichweite von 230 km. &nbsp; Jeder, also private Personen, Familien, Vereine und Firmen k\u00f6nnen weiterhin <a href=\"https:\/\/www.eidenberg-agenda21.info\/web2\/2016\/06\/zoe-ist-in-eidenberg-verfuegbar-carsharing-uu\/#more-1628\">(weiterlesen)<\/a><\/p>\n<p><a href=\"https:\/\/www.eidenberg-agenda21.info\/web2\/2016\/06\/zoe-ist-in-eidenberg-verfuegbar-carsharing-uu\/\" title=\"Zoe ist in Eidenberg verf\u00fcgbar &#8211; Carsharing UU\" data-type-url=\"post_url\" data-type-display=\"default_image\" data-css=\"\" data-size=\"medium\" data-post_id=\"1628\"><img width=\"300\" height=\"169\" src=\"http:\/\/www.eidenberg-agenda21.info\/web2\/wp-content\/uploads\/2016\/10\/27-300x169.jpg\" alt=\"\" decoding=\"async\" loading=\"lazy\" srcset=\"https:\/\/www.eidenberg-agenda21.info\/web2\/wp-content\/uploads\/2016\/10\/27-300x169.jpg 300w, https:\/\/www.eidenberg-agenda21.info\/web2\/wp-content\/uploads\/2016\/10\/27-768x433.jpg 768w, https:\/\/www.eidenberg-agenda21.info\/web2\/wp-content\/uploads\/2016\/10\/27.jpg 1024w\" sizes=\"auto, (max-width: 300px) 100vw, 300px\" \/><\/a><\/p>\n<h2 style=\"\"><span data-attr-date-format=\"F j, Y\" data-attr-date-format-select=\"F j, Y\" data-attr-show-time=\"0\" data-attr-time-format=\"\" data-attr-time-format-select=\"g:i a\" data-attr-type=\"published\" data-extra_key=\"\" data-option-inline=\"1\" data-shortcode=\"tcb_post_published_date\" data-shortcode-name=\"Post date\" style=\"\">M\u00e4rz 6, 2016 <\/span><\/h2>\n<h2 style=\"\"><span data-attr-link=\"0\" data-attr-rel=\"0\" data-attr-target=\"0\" data-extra_key=\"\" data-option-inline=\"1\" data-shortcode=\"tcb_post_title\" data-shortcode-name=\"Post title\">Ein Elektroauto f\u00fcr Eidenberg<\/span><\/h2>\n<p>Seit 22. Februar ist es fix. Nach Ottensheim und Gramastetten kommt jetzt auch nach Eidenberg ein Elektroauto um im UU-Carsharing gemeinsam genutzt zu werden. Alle Personen und Unternehmen, die sich mit einer Mitgliedschaft beteiligen d\u00fcrfen eines der Autos aus der Region fahren. Also auch jenes aus Ottensheim und Gramastetten. Wenn jetzt wie geplant auch in Lichtenberg ein Auto kommt, so <a href=\"https:\/\/www.eidenberg-agenda21.info\/web2\/2016\/03\/ein-elektroauto-fuer-eidenberg\/#more-1624\">(weiterlesen)<\/a><\/p>\n<p><a href=\"https:\/\/www.eidenberg-agenda21.info\/web2\/2016\/03\/ein-elektroauto-fuer-eidenberg\/\" title=\"Ein Elektroauto f\u00fcr Eidenberg\" data-type-url=\"post_url\" data-type-display=\"default_image\" data-css=\"\" data-size=\"medium\" data-post_id=\"1624\"><img width=\"300\" height=\"200\" src=\"http:\/\/www.eidenberg-agenda21.info\/web2\/wp-content\/uploads\/2016\/10\/31-300x200.jpg\" alt=\"\" decoding=\"async\" loading=\"lazy\" srcset=\"https:\/\/www.eidenberg-agenda21.info\/web2\/wp-content\/uploads\/2016\/10\/31-300x200.jpg 300w, https:\/\/www.eidenberg-agenda21.info\/web2\/wp-content\/uploads\/2016\/10\/31-768x512.jpg 768w, https:\/\/www.eidenberg-agenda21.info\/web2\/wp-content\/uploads\/2016\/10\/31.jpg 1024w, https:\/\/www.eidenberg-agenda21.info\/web2\/wp-content\/uploads\/2016\/10\/31-570x380.jpg 570w, https:\/\/www.eidenberg-agenda21.info\/web2\/wp-content\/uploads\/2016\/10\/31-380x254.jpg 380w, https:\/\/www.eidenberg-agenda21.info\/web2\/wp-content\/uploads\/2016\/10\/31-285x190.jpg 285w\" sizes=\"auto, (max-width: 300px) 100vw, 300px\" \/><\/a><\/p>\n<h2 style=\"\"><span data-attr-date-format=\"F j, Y\" data-attr-date-format-select=\"F j, Y\" data-attr-show-time=\"0\" data-attr-time-format=\"\" data-attr-time-format-select=\"g:i a\" data-attr-type=\"published\" data-extra_key=\"\" data-option-inline=\"1\" data-shortcode=\"tcb_post_published_date\" data-shortcode-name=\"Post date\" style=\"\">Februar 14, 2016 <\/span><\/h2>\n<h2 style=\"\"><span data-attr-link=\"0\" data-attr-rel=\"0\" data-attr-target=\"0\" data-extra_key=\"\" data-option-inline=\"1\" data-shortcode=\"tcb_post_title\" data-shortcode-name=\"Post title\">Herzliche Einladung zu E-Klar &#8211; UU-Carsharing in Eidenberg<\/span><\/h2>\n<p>WANN? Montag, 22.2.2016 um 19:30 Uhr &nbsp; WO? Clubraum vom GH Eidenberger\u2019s Der Renault Zoe aus Ottensheim, der Kia Soul ev aus Gramastetten sowie ein Mercedes Benz 250 e (Leihgabe Mercedes Linz) werden vor Ort sein. Diese Autos k\u00f6nnen ausf\u00fchrlich besichtigt werden. Nat\u00fcrlich gibt es noch viele weitere Elektroautos. Eines dieser Modelle suchen wir f\u00fcr Eidenberg gemeinsam aus. &nbsp; &nbsp; <a href=\"https:\/\/www.eidenberg-agenda21.info\/web2\/2016\/02\/herzliche-einladung-zu-e-klar-uu-carsharing-in-eidenberg3\/#more-1622\">(weiterlesen)<\/a><\/p>\n<p><a href=\"https:\/\/www.eidenberg-agenda21.info\/web2\/2016\/02\/herzliche-einladung-zu-e-klar-uu-carsharing-in-eidenberg3\/\" title=\"Herzliche Einladung zu E-Klar &#8211; UU-Carsharing in Eidenberg\" data-type-url=\"post_url\" data-type-display=\"default_image\" data-css=\"\" data-size=\"medium\" data-post_id=\"1622\"><img width=\"212\" height=\"300\" src=\"http:\/\/www.eidenberg-agenda21.info\/web2\/wp-content\/uploads\/2016\/10\/33-212x300.jpg\" alt=\"\" decoding=\"async\" loading=\"lazy\" srcset=\"https:\/\/www.eidenberg-agenda21.info\/web2\/wp-content\/uploads\/2016\/10\/33-212x300.jpg 212w, https:\/\/www.eidenberg-agenda21.info\/web2\/wp-content\/uploads\/2016\/10\/33.jpg 572w\" sizes=\"auto, (max-width: 212px) 100vw, 212px\" \/><\/a><\/p>\n<h2 style=\"\"><span data-attr-date-format=\"F j, Y\" data-attr-date-format-select=\"F j, Y\" data-attr-show-time=\"0\" data-attr-time-format=\"\" data-attr-time-format-select=\"g:i a\" data-attr-type=\"published\" data-extra_key=\"\" data-option-inline=\"1\" data-shortcode=\"tcb_post_published_date\" data-shortcode-name=\"Post date\" style=\"\">Februar 6, 2016 <\/span><\/h2>\n<h2 style=\"\"><span data-attr-link=\"0\" data-attr-rel=\"0\" data-attr-target=\"0\" data-extra_key=\"\" data-option-inline=\"1\" data-shortcode=\"tcb_post_title\" data-shortcode-name=\"Post title\">Carsharing in Eidenberg<\/span><\/h2>\n<p>Carsharing mit einem Elektroauto kann nach Ottensheim und Gramastetten jetzt auch in Eidenberg Wirklichkeit werden. Welches Auto es wird, entscheidet die Gruppe der Autonutzer gemeinsam am 22.2.2016 um 19:30 Uhr im Clubraum beim Eidenberger&#8217;s. Wenn die Entscheidung gefallen ist, dauert es nicht mehr lange bis zum Betrieb des gemeinsam ausgesuchten Autos. &nbsp; Das Guute am UU-Carsharing, jedes Auto aus dem <a href=\"https:\/\/www.eidenberg-agenda21.info\/web2\/2016\/02\/carsharing-in-eidenberg\/#more-1621\">(weiterlesen)<\/a><\/p>\n<p><a href=\"https:\/\/www.eidenberg-agenda21.info\/web2\/2016\/02\/carsharing-in-eidenberg\/\" title=\"Carsharing in Eidenberg\" data-type-url=\"post_url\" data-type-display=\"default_image\" data-css=\"\" data-size=\"medium\" data-post_id=\"1621\"><img width=\"211\" height=\"300\" src=\"http:\/\/www.eidenberg-agenda21.info\/web2\/wp-content\/uploads\/2016\/10\/34-211x300.jpg\" alt=\"\" decoding=\"async\" loading=\"lazy\" srcset=\"https:\/\/www.eidenberg-agenda21.info\/web2\/wp-content\/uploads\/2016\/10\/34-211x300.jpg 211w, https:\/\/www.eidenberg-agenda21.info\/web2\/wp-content\/uploads\/2016\/10\/34.jpg 575w\" sizes=\"auto, (max-width: 211px) 100vw, 211px\" \/><\/a><a href=\"javascript:void(0)\"><span><span>WEITERE BERICHTE LESEN<\/span><\/span><\/a><\/p>\n","protected":false},"excerpt":{"rendered":"<p>EGEM Erneuerbare Energie-gemeinschaften Ein Projekt zur Entwicklung erneuerbaren Energiegemeinschaften in unserem Ort. Kontakt Peter Frittajon &amp; Gottfried Mairinfo@eeg-eidenberg.atwww.eeg-eidenberg.at Aktuelles Aktuelles aus EGEM &nbsp; Oktober 24, 2024 Strom aus Eidenberg beziehen &amp; Strom nach Eidenberg liefern Die EEG Eidenberg wurde im Mai 2023 von einer Hand voll Enthusiasten gegr\u00fcndet. Seitdem wachsen wir kontinuierlich. Mit der Wasserkraft [&hellip;]<\/p>\n","protected":false},"author":1,"featured_media":0,"parent":0,"menu_order":0,"comment_status":"closed","ping_status":"closed","template":"","meta":{"footnotes":""},"class_list":["post-4178","page","type-page","status-publish","hentry","post-wrapper","thrv_wrapper"],"_links":{"self":[{"href":"https:\/\/www.eidenberg-agenda21.info\/web2\/wp-json\/wp\/v2\/pages\/4178","targetHints":{"allow":["GET"]}}],"collection":[{"href":"https:\/\/www.eidenberg-agenda21.info\/web2\/wp-json\/wp\/v2\/pages"}],"about":[{"href":"https:\/\/www.eidenberg-agenda21.info\/web2\/wp-json\/wp\/v2\/types\/page"}],"author":[{"embeddable":true,"href":"https:\/\/www.eidenberg-agenda21.info\/web2\/wp-json\/wp\/v2\/users\/1"}],"replies":[{"embeddable":true,"href":"https:\/\/www.eidenberg-agenda21.info\/web2\/wp-json\/wp\/v2\/comments?post=4178"}],"version-history":[{"count":5,"href":"https:\/\/www.eidenberg-agenda21.info\/web2\/wp-json\/wp\/v2\/pages\/4178\/revisions"}],"predecessor-version":[{"id":4597,"href":"https:\/\/www.eidenberg-agenda21.info\/web2\/wp-json\/wp\/v2\/pages\/4178\/revisions\/4597"}],"wp:attachment":[{"href":"https:\/\/www.eidenberg-agenda21.info\/web2\/wp-json\/wp\/v2\/media?parent=4178"}],"curies":[{"name":"wp","href":"https:\/\/api.w.org\/{rel}","templated":true}]}}