{"id":3865,"date":"2023-11-08T19:05:33","date_gmt":"2023-11-08T18:05:33","guid":{"rendered":"https:\/\/www.eidenberg-agenda21.info\/web2\/?page_id=3865"},"modified":"2023-11-09T10:06:43","modified_gmt":"2023-11-09T09:06:43","slug":"eidenbergs-leitthemen-fuer-die-zukunft","status":"publish","type":"page","link":"https:\/\/www.eidenberg-agenda21.info\/web2\/eidenbergs-leitthemen-fuer-die-zukunft\/","title":{"rendered":"Eidenbergs Leitthemen f\u00fcr die Zukunft"},"content":{"rendered":"<h1 style=\"text-align: left;\">Eidenbergs Leitthemen f\u00fcr die Zukunft<\/h1>\n<p><span><img decoding=\"async\" alt=\"\" data-id=\"3733\" width=\"1080\" data-init-width=\"1501\" height=\"617\" data-init-height=\"857\" title=\"\" loading=\"lazy\" src=\"\/\/www.eidenberg-agenda21.info\/web2\/wp-content\/uploads\/2023\/05\/Screenshot-2023-05-10-212532.png\" data-width=\"1080\" data-height=\"617\" style=\"aspect-ratio: auto 1501 \/ 857;\"><\/span><\/p>\n<ul>\n<li><a href=\"https:\/\/www.eidenberg-agenda21.info\/web2\/moeglichkeiten-der-begegnung\/\" style=\"outline: none;\">Unsere M\u00f6glichkeiten der Begegnung<\/a><\/li>\n<li><a href=\"https:\/\/www.eidenberg-agenda21.info\/web2\/nah-und-selbstversorgung\/\" style=\"outline: none;\">Unsere Nah- &amp; Selbstversorgung<\/a><\/li>\n<li><a href=\"https:\/\/www.eidenberg-agenda21.info\/web2\/unser-planen-bauen-und-wohnen\/\" style=\"outline: none;\">Unser Planen, Bauen &amp; Wohnen<\/a><\/li>\n<li><a href=\"https:\/\/www.eidenberg-agenda21.info\/web2\/unsere-mobilitaet\/\" style=\"outline: none;\">Unsere Mobilit\u00e4t<\/a><\/li>\n<\/ul>\n<p><span><img decoding=\"async\" alt=\"\" data-id=\"3867\" width=\"315\" data-init-width=\"998\" height=\"314\" data-init-height=\"994\" title=\"\" loading=\"lazy\" src=\"\/\/www.eidenberg-agenda21.info\/web2\/wp-content\/uploads\/2023\/11\/Screenshot-2023-11-08-19.09.30.png\" data-width=\"315\" data-height=\"314\" style=\"aspect-ratio: auto 998 \/ 994;\"><\/span><\/p>\n<h4>Du hast Fragen oder m\u00f6chtest Unterst\u00fctzen?<\/h4>\n<p>Bei jeder aktiven Projektgruppe findest du den Kontakt zum aktuellen Projektpaten.<\/p>\n<p><span><img decoding=\"async\" alt=\"\" data-id=\"3927\" width=\"1200\" data-init-width=\"2184\" height=\"1202\" data-init-height=\"2188\" title=\"0031\" loading=\"lazy\" src=\"\/\/www.eidenberg-agenda21.info\/web2\/wp-content\/uploads\/2023\/11\/0031.jpg\" data-width=\"1200\" data-height=\"1202\" style=\"aspect-ratio: auto 2184 \/ 2188;\"><\/span><span><img decoding=\"async\" alt=\"\" data-id=\"3926\" width=\"593\" data-init-width=\"2178\" height=\"593\" data-init-height=\"2178\" title=\"0030\" loading=\"lazy\" src=\"\/\/www.eidenberg-agenda21.info\/web2\/wp-content\/uploads\/2023\/11\/0030.jpg\" data-width=\"593\" data-height=\"593\" style=\"aspect-ratio: auto 2178 \/ 2178;\"><\/span><\/p><\/p>\n","protected":false},"excerpt":{"rendered":"<p>Eidenbergs Leitthemen f\u00fcr die Zukunft Unsere M\u00f6glichkeiten der Begegnung Unsere Nah- &amp; Selbstversorgung Unser Planen, Bauen &amp; Wohnen Unsere Mobilit\u00e4t Du hast Fragen oder m\u00f6chtest Unterst\u00fctzen? Bei jeder aktiven Projektgruppe findest du den Kontakt zum aktuellen Projektpaten.<\/p>\n","protected":false},"author":1,"featured_media":1810,"parent":0,"menu_order":0,"comment_status":"closed","ping_status":"closed","template":"","meta":{"footnotes":""},"class_list":["post-3865","page","type-page","status-publish","has-post-thumbnail","hentry","post-wrapper","thrv_wrapper"],"_links":{"self":[{"href":"https:\/\/www.eidenberg-agenda21.info\/web2\/wp-json\/wp\/v2\/pages\/3865","targetHints":{"allow":["GET"]}}],"collection":[{"href":"https:\/\/www.eidenberg-agenda21.info\/web2\/wp-json\/wp\/v2\/pages"}],"about":[{"href":"https:\/\/www.eidenberg-agenda21.info\/web2\/wp-json\/wp\/v2\/types\/page"}],"author":[{"embeddable":true,"href":"https:\/\/www.eidenberg-agenda21.info\/web2\/wp-json\/wp\/v2\/users\/1"}],"replies":[{"embeddable":true,"href":"https:\/\/www.eidenberg-agenda21.info\/web2\/wp-json\/wp\/v2\/comments?post=3865"}],"version-history":[{"count":5,"href":"https:\/\/www.eidenberg-agenda21.info\/web2\/wp-json\/wp\/v2\/pages\/3865\/revisions"}],"predecessor-version":[{"id":3932,"href":"https:\/\/www.eidenberg-agenda21.info\/web2\/wp-json\/wp\/v2\/pages\/3865\/revisions\/3932"}],"wp:featuredmedia":[{"embeddable":true,"href":"https:\/\/www.eidenberg-agenda21.info\/web2\/wp-json\/wp\/v2\/media\/1810"}],"wp:attachment":[{"href":"https:\/\/www.eidenberg-agenda21.info\/web2\/wp-json\/wp\/v2\/media?parent=3865"}],"curies":[{"name":"wp","href":"https:\/\/api.w.org\/{rel}","templated":true}]}}