{"id":3460,"date":"2022-07-19T14:35:48","date_gmt":"2022-07-19T12:35:48","guid":{"rendered":"https:\/\/www.eidenberg-agenda21.info\/web2\/clone-of-kulturstadl-moarhof-eidenberg\/"},"modified":"2025-02-18T10:33:09","modified_gmt":"2025-02-18T09:33:09","slug":"sgschaeft-in-eidenberg","status":"publish","type":"page","link":"https:\/\/www.eidenberg-agenda21.info\/web2\/sgschaeft-in-eidenberg\/","title":{"rendered":"S\u2019Gsch\u00e4ft in Eidenberg"},"content":{"rendered":"<p><span style=\"\"><img decoding=\"async\" alt=\"\" data-id=\"3462\" width=\"1200\" data-init-width=\"2000\" height=\"720\" data-init-height=\"1200\" title=\"\" loading=\"lazy\" src=\"\/\/www.eidenberg-agenda21.info\/web2\/wp-content\/uploads\/2022\/07\/cropped-IMG_0826-scaled-1.jpg\" data-width=\"1200\" data-height=\"720\" style=\"aspect-ratio: auto 2000 \/ 1200;\" ml-d=\"0\" mt-d=\"-167\" center-v-d=\"false\"><\/span><\/p>\n<p style=\"\">s&#8217;Gsch\u00e4ft<\/p>\n<h1 style=\"\">s&#8217;Gsch\u00e4ft Nahversorger<\/h1>\n<h2 style=\"\"><strong>WIR BEDANKEN UNS F\u00dcR EURE TREUELeider mussten wir den Gesch\u00e4ftsbetrieb per 31.10.2024 einstellen.Alle Dinge haben ihre Zeit, auch die guten (Michel de Montagne)<\/strong><\/h2>\n<p>Als Nahversorger von Eidenberg freut es uns, wenn ihr euren t\u00e4glichen Bedarf von Nahrungsmitteln bis Drogerieg\u00fcter regional im Gsch\u00e4ft einkauft.<\/p>\n<p>Das Gsch\u00e4ft wurde bis Ende 2024 vom Verein DLS Eidenberg betrieben, Sinn und Zweck ist es einen Nahversorger f\u00fcr die B\u00fcrger von Eidenberg zu haben, welcher nicht Gewinngetrieben ist.<\/p>\n<h2><strong>Ab 2025 NEU<\/strong><\/h2>\n<h2><span data-attr-css=\"tve-u-1813f27753f\" data-attr-link=\"1\" data-attr-rel=\"0\" data-attr-static-link=\"{&quot;className&quot;:&quot;tve-froala fr-basic&quot;,&quot;href&quot;:&quot;#&quot;,&quot;title&quot;:&quot;Einladung zum GemeindeNavi Eidenberg 14. Juni&quot;,&quot;data-css&quot;:&quot;tve-u-1813f27753f&quot;,&quot;class&quot;:&quot;tve-froala fr-basic&quot;}\" data-attr-target=\"0\" data-extra_key=\"\" data-option-inline=\"1\" data-shortcode=\"tcb_post_title\" data-shortcode-name=\"Post title\"><a href=\"https:\/\/www.eidenberg-agenda21.info\/web2\/2025\/02\/nahversorgung-neu-in-eidenberg-geht-in-die-umsetzung\/#\" title=\"Nahversorgung neu in Eidenberg geht in die Umsetzung!\" style=\"outline: none;\">Hier klicken: Nahversorgung neu in Eidenberg geht in die Umsetzung!<\/a><\/span><\/h2>\n","protected":false},"excerpt":{"rendered":"<p>s&#8217;Gsch\u00e4ft s&#8217;Gsch\u00e4ft Nahversorger WIR BEDANKEN UNS F\u00dcR EURE TREUELeider mussten wir den Gesch\u00e4ftsbetrieb per 31.10.2024 einstellen.Alle Dinge haben ihre Zeit, auch die guten (Michel de Montagne) Als Nahversorger von Eidenberg freut es uns, wenn ihr euren t\u00e4glichen Bedarf von Nahrungsmitteln bis Drogerieg\u00fcter regional im Gsch\u00e4ft einkauft. Das Gsch\u00e4ft wurde bis Ende 2024 vom Verein DLS [&hellip;]<\/p>\n","protected":false},"author":1,"featured_media":3462,"parent":0,"menu_order":0,"comment_status":"closed","ping_status":"closed","template":"","meta":{"footnotes":""},"class_list":["post-3460","page","type-page","status-publish","has-post-thumbnail","hentry","post-wrapper","thrv_wrapper"],"_links":{"self":[{"href":"https:\/\/www.eidenberg-agenda21.info\/web2\/wp-json\/wp\/v2\/pages\/3460","targetHints":{"allow":["GET"]}}],"collection":[{"href":"https:\/\/www.eidenberg-agenda21.info\/web2\/wp-json\/wp\/v2\/pages"}],"about":[{"href":"https:\/\/www.eidenberg-agenda21.info\/web2\/wp-json\/wp\/v2\/types\/page"}],"author":[{"embeddable":true,"href":"https:\/\/www.eidenberg-agenda21.info\/web2\/wp-json\/wp\/v2\/users\/1"}],"replies":[{"embeddable":true,"href":"https:\/\/www.eidenberg-agenda21.info\/web2\/wp-json\/wp\/v2\/comments?post=3460"}],"version-history":[{"count":7,"href":"https:\/\/www.eidenberg-agenda21.info\/web2\/wp-json\/wp\/v2\/pages\/3460\/revisions"}],"predecessor-version":[{"id":4603,"href":"https:\/\/www.eidenberg-agenda21.info\/web2\/wp-json\/wp\/v2\/pages\/3460\/revisions\/4603"}],"wp:featuredmedia":[{"embeddable":true,"href":"https:\/\/www.eidenberg-agenda21.info\/web2\/wp-json\/wp\/v2\/media\/3462"}],"wp:attachment":[{"href":"https:\/\/www.eidenberg-agenda21.info\/web2\/wp-json\/wp\/v2\/media?parent=3460"}],"curies":[{"name":"wp","href":"https:\/\/api.w.org\/{rel}","templated":true}]}}