{"id":3848,"date":"2023-11-08T18:40:52","date_gmt":"2023-11-08T17:40:52","guid":{"rendered":"https:\/\/www.eidenberg-agenda21.info\/web2\/?page_id=3848"},"modified":"2023-11-10T10:34:32","modified_gmt":"2023-11-10T09:34:32","slug":"unsere-mobilitaet","status":"publish","type":"page","link":"http:\/\/www.eidenberg-agenda21.info\/web2\/unsere-mobilitaet\/","title":{"rendered":"Unsere Mobilit\u00e4t"},"content":{"rendered":"<p><span><img decoding=\"async\" alt=\"\" data-id=\"3908\" width=\"593\" data-init-width=\"2178\" height=\"593\" data-init-height=\"2178\" title=\"\" loading=\"lazy\" src=\"\/\/www.eidenberg-agenda21.info\/web2\/wp-content\/uploads\/2023\/11\/0012.jpg\" data-width=\"593\" data-height=\"593\" style=\"aspect-ratio: auto 2178 \/ 2178;\"><\/span><span><img decoding=\"async\" alt=\"\" data-id=\"3909\" width=\"593\" data-init-width=\"2184\" height=\"593\" data-init-height=\"2186\" title=\"\" loading=\"lazy\" src=\"\/\/www.eidenberg-agenda21.info\/web2\/wp-content\/uploads\/2023\/11\/0013.jpg\" data-width=\"593\" data-height=\"593\" style=\"aspect-ratio: auto 2184 \/ 2186;\"><\/span><span><img decoding=\"async\" alt=\"\" data-id=\"3910\" width=\"593\" data-init-width=\"2184\" height=\"592\" data-init-height=\"2182\" title=\"\" loading=\"lazy\" src=\"\/\/www.eidenberg-agenda21.info\/web2\/wp-content\/uploads\/2023\/11\/0014.jpg\" data-width=\"593\" data-height=\"592\" style=\"aspect-ratio: auto 2184 \/ 2182;\"><\/span><span><img decoding=\"async\" alt=\"\" data-id=\"3911\" width=\"593\" data-init-width=\"2190\" height=\"591\" data-init-height=\"2186\" title=\"\" loading=\"lazy\" src=\"\/\/www.eidenberg-agenda21.info\/web2\/wp-content\/uploads\/2023\/11\/0015.jpg\" data-width=\"593\" data-height=\"591\" style=\"aspect-ratio: auto 2190 \/ 2186;\"><\/span><span><img decoding=\"async\" alt=\"\" data-id=\"3912\" width=\"593\" data-init-width=\"2182\" height=\"592\" data-init-height=\"2179\" title=\"\" loading=\"lazy\" src=\"\/\/www.eidenberg-agenda21.info\/web2\/wp-content\/uploads\/2023\/11\/0016.jpg\" data-width=\"593\" data-height=\"592\" style=\"aspect-ratio: auto 2182 \/ 2179;\"><\/span><span><img decoding=\"async\" alt=\"\" data-id=\"3913\" width=\"593\" data-init-width=\"2188\" height=\"593\" data-init-height=\"2188\" title=\"\" loading=\"lazy\" src=\"\/\/www.eidenberg-agenda21.info\/web2\/wp-content\/uploads\/2023\/11\/0017.jpg\" data-width=\"593\" data-height=\"593\" style=\"aspect-ratio: auto 2188 \/ 2188;\"><\/span><\/p>\n<h4>Du hast Fragen oder m\u00f6chtest Unterst\u00fctzen?<\/h4>\n<p>Bei jeder aktiven Projektgruppe findest du den Kontakt zum aktuellen Projektpaten.<\/p>\n<p style=\"\">PROJEKTGRUPPE<\/p>\n<h2><strong>\u00d6ffentlicher Verkehr<\/strong><\/h2>\n<p>Ein Projekt zur L\u00f6sung der mangelnden \u00f6ffentlichen Anbindung Eidenbergs<\/p>\n<p><span><img decoding=\"async\" alt=\"\" data-id=\"3943\" width=\"2560\" height=\"1920\" title=\"0031\" src=\"http:\/\/www.eidenberg-agenda21.info\/web2\/wp-content\/uploads\/2023\/11\/0031-1-1024x768.jpg\" data-src=\"http:\/\/www.eidenberg-agenda21.info\/web2\/wp-content\/uploads\/2023\/11\/0031-1-300x225.jpg\" loading=\"lazy\" data-sizes=\"{&quot;thumbnail&quot;:{&quot;height&quot;:150,&quot;width&quot;:150,&quot;url&quot;:&quot;http:\/\/www.eidenberg-agenda21.info\/web2\/wp-content\/uploads\/2023\/11\/0031-1-150x150.jpg&quot;,&quot;orientation&quot;:&quot;landscape&quot;},&quot;medium&quot;:{&quot;height&quot;:225,&quot;width&quot;:300,&quot;url&quot;:&quot;http:\/\/www.eidenberg-agenda21.info\/web2\/wp-content\/uploads\/2023\/11\/0031-1-300x225.jpg&quot;,&quot;orientation&quot;:&quot;landscape&quot;},&quot;large&quot;:{&quot;height&quot;:768,&quot;width&quot;:1024,&quot;url&quot;:&quot;http:\/\/www.eidenberg-agenda21.info\/web2\/wp-content\/uploads\/2023\/11\/0031-1-1024x768.jpg&quot;,&quot;orientation&quot;:&quot;landscape&quot;},&quot;full&quot;:{&quot;url&quot;:&quot;http:\/\/www.eidenberg-agenda21.info\/web2\/wp-content\/uploads\/2023\/11\/0031-1-scaled.jpg&quot;,&quot;height&quot;:1920,&quot;width&quot;:2560,&quot;orientation&quot;:&quot;landscape&quot;}}\"><\/span><span><img decoding=\"async\" alt=\"\" data-id=\"3942\" width=\"2560\" height=\"1920\" title=\"0030\" src=\"http:\/\/www.eidenberg-agenda21.info\/web2\/wp-content\/uploads\/2023\/11\/0030-1-1024x768.jpg\" data-src=\"http:\/\/www.eidenberg-agenda21.info\/web2\/wp-content\/uploads\/2023\/11\/0030-1-300x225.jpg\" loading=\"lazy\" data-sizes=\"{&quot;thumbnail&quot;:{&quot;height&quot;:150,&quot;width&quot;:150,&quot;url&quot;:&quot;http:\/\/www.eidenberg-agenda21.info\/web2\/wp-content\/uploads\/2023\/11\/0030-1-150x150.jpg&quot;,&quot;orientation&quot;:&quot;landscape&quot;},&quot;medium&quot;:{&quot;height&quot;:225,&quot;width&quot;:300,&quot;url&quot;:&quot;http:\/\/www.eidenberg-agenda21.info\/web2\/wp-content\/uploads\/2023\/11\/0030-1-300x225.jpg&quot;,&quot;orientation&quot;:&quot;landscape&quot;},&quot;large&quot;:{&quot;height&quot;:768,&quot;width&quot;:1024,&quot;url&quot;:&quot;http:\/\/www.eidenberg-agenda21.info\/web2\/wp-content\/uploads\/2023\/11\/0030-1-1024x768.jpg&quot;,&quot;orientation&quot;:&quot;landscape&quot;},&quot;full&quot;:{&quot;url&quot;:&quot;http:\/\/www.eidenberg-agenda21.info\/web2\/wp-content\/uploads\/2023\/11\/0030-1-scaled.jpg&quot;,&quot;height&quot;:1920,&quot;width&quot;:2560,&quot;orientation&quot;:&quot;landscape&quot;}}\"><\/span><\/p>\n<h1 style=\"\">Kontakt<\/h1>\n<p>Projektpate: <strong>Thomas Pargfrieder<\/strong><strong><strong><a href=\"mailto:kontakt@eidenberg-agenda21.info\" target=\"_blank\" rel=\"noopener\">kontakt@eidenberg-agenda21.info<\/a><\/strong><\/strong><\/p>\n","protected":false},"excerpt":{"rendered":"<p>Du hast Fragen oder m\u00f6chtest Unterst\u00fctzen? Bei jeder aktiven Projektgruppe findest du den Kontakt zum aktuellen Projektpaten. PROJEKTGRUPPE \u00d6ffentlicher Verkehr Ein Projekt zur L\u00f6sung der mangelnden \u00f6ffentlichen Anbindung Eidenbergs Kontakt Projektpate: Thomas Pargfriederkontakt@eidenberg-agenda21.info<\/p>\n","protected":false},"author":1,"featured_media":3838,"parent":0,"menu_order":0,"comment_status":"closed","ping_status":"closed","template":"","meta":{"footnotes":""},"class_list":["post-3848","page","type-page","status-publish","has-post-thumbnail","hentry","post-wrapper","thrv_wrapper"],"_links":{"self":[{"href":"http:\/\/www.eidenberg-agenda21.info\/web2\/wp-json\/wp\/v2\/pages\/3848","targetHints":{"allow":["GET"]}}],"collection":[{"href":"http:\/\/www.eidenberg-agenda21.info\/web2\/wp-json\/wp\/v2\/pages"}],"about":[{"href":"http:\/\/www.eidenberg-agenda21.info\/web2\/wp-json\/wp\/v2\/types\/page"}],"author":[{"embeddable":true,"href":"http:\/\/www.eidenberg-agenda21.info\/web2\/wp-json\/wp\/v2\/users\/1"}],"replies":[{"embeddable":true,"href":"http:\/\/www.eidenberg-agenda21.info\/web2\/wp-json\/wp\/v2\/comments?post=3848"}],"version-history":[{"count":9,"href":"http:\/\/www.eidenberg-agenda21.info\/web2\/wp-json\/wp\/v2\/pages\/3848\/revisions"}],"predecessor-version":[{"id":4024,"href":"http:\/\/www.eidenberg-agenda21.info\/web2\/wp-json\/wp\/v2\/pages\/3848\/revisions\/4024"}],"wp:featuredmedia":[{"embeddable":true,"href":"http:\/\/www.eidenberg-agenda21.info\/web2\/wp-json\/wp\/v2\/media\/3838"}],"wp:attachment":[{"href":"http:\/\/www.eidenberg-agenda21.info\/web2\/wp-json\/wp\/v2\/media?parent=3848"}],"curies":[{"name":"wp","href":"https:\/\/api.w.org\/{rel}","templated":true}]}}