{"id":3837,"date":"2023-11-08T18:26:28","date_gmt":"2023-11-08T17:26:28","guid":{"rendered":"https:\/\/www.eidenberg-agenda21.info\/web2\/?page_id=3837"},"modified":"2023-11-10T10:34:37","modified_gmt":"2023-11-10T09:34:37","slug":"nah-und-selbstversorgung","status":"publish","type":"page","link":"http:\/\/www.eidenberg-agenda21.info\/web2\/nah-und-selbstversorgung\/","title":{"rendered":"Nah- und Selbstversorgung"},"content":{"rendered":"<p><span><img decoding=\"async\" alt=\"\" data-id=\"3902\" width=\"593\" data-init-width=\"2190\" height=\"591\" data-init-height=\"2186\" title=\"\" loading=\"lazy\" src=\"\/\/www.eidenberg-agenda21.info\/web2\/wp-content\/uploads\/2023\/11\/0006.jpg\" data-width=\"593\" data-height=\"591\" style=\"aspect-ratio: auto 2190 \/ 2186;\"><\/span><span><img decoding=\"async\" alt=\"\" data-id=\"3903\" width=\"593\" data-init-width=\"2184\" height=\"591\" data-init-height=\"2178\" title=\"\" loading=\"lazy\" src=\"\/\/www.eidenberg-agenda21.info\/web2\/wp-content\/uploads\/2023\/11\/0007.jpg\" data-width=\"593\" data-height=\"591\" style=\"aspect-ratio: auto 2184 \/ 2178;\"><\/span><span><img decoding=\"async\" alt=\"\" data-id=\"3904\" width=\"593\" data-init-width=\"2188\" height=\"592\" data-init-height=\"2186\" title=\"\" loading=\"lazy\" src=\"\/\/www.eidenberg-agenda21.info\/web2\/wp-content\/uploads\/2023\/11\/0008.jpg\" data-width=\"593\" data-height=\"592\" style=\"aspect-ratio: auto 2188 \/ 2186;\"><\/span><span><img decoding=\"async\" alt=\"\" data-id=\"3905\" width=\"593\" data-init-width=\"2182\" height=\"592\" data-init-height=\"2180\" title=\"\" loading=\"lazy\" src=\"\/\/www.eidenberg-agenda21.info\/web2\/wp-content\/uploads\/2023\/11\/0009.jpg\" data-width=\"593\" data-height=\"592\" style=\"aspect-ratio: auto 2182 \/ 2180;\"><\/span><span><img decoding=\"async\" alt=\"\" data-id=\"3906\" width=\"593\" data-init-width=\"2178\" height=\"594\" data-init-height=\"2182\" title=\"\" loading=\"lazy\" src=\"\/\/www.eidenberg-agenda21.info\/web2\/wp-content\/uploads\/2023\/11\/0010.jpg\" data-width=\"593\" data-height=\"594\" style=\"aspect-ratio: auto 2178 \/ 2182;\"><\/span><span><img decoding=\"async\" alt=\"\" data-id=\"3907\" width=\"593\" data-init-width=\"2178\" height=\"591\" data-init-height=\"2173\" title=\"\" loading=\"lazy\" src=\"\/\/www.eidenberg-agenda21.info\/web2\/wp-content\/uploads\/2023\/11\/0011.jpg\" data-width=\"593\" data-height=\"591\" style=\"aspect-ratio: auto 2178 \/ 2173;\"><\/span><\/p>\n<h4>Du hast Fragen oder m\u00f6chtest Unterst\u00fctzen?<\/h4>\n<p>Bei jeder aktiven Projektgruppe findest du den Kontakt zum aktuellen Projektpaten.<\/p>\n<p style=\"\">PROJEKTGRUPPE<\/p>\n<h2><strong>Nahversorgung weiter denken<\/strong><\/h2>\n<p>Ein Projekt zur Weiterentwicklung unserere Lebensmittelversorgung.<\/p>\n<p><span><img decoding=\"async\" alt=\"\" data-id=\"3957\" width=\"2560\" height=\"1920\" title=\"0016\" src=\"http:\/\/www.eidenberg-agenda21.info\/web2\/wp-content\/uploads\/2023\/11\/0016-1-300x225.jpg\" data-src=\"http:\/\/www.eidenberg-agenda21.info\/web2\/wp-content\/uploads\/2023\/11\/0016-1-300x225.jpg\" loading=\"lazy\" data-sizes=\"{&quot;thumbnail&quot;:{&quot;height&quot;:150,&quot;width&quot;:150,&quot;url&quot;:&quot;http:\/\/www.eidenberg-agenda21.info\/web2\/wp-content\/uploads\/2023\/11\/0016-1-150x150.jpg&quot;,&quot;orientation&quot;:&quot;landscape&quot;},&quot;medium&quot;:{&quot;height&quot;:225,&quot;width&quot;:300,&quot;url&quot;:&quot;http:\/\/www.eidenberg-agenda21.info\/web2\/wp-content\/uploads\/2023\/11\/0016-1-300x225.jpg&quot;,&quot;orientation&quot;:&quot;landscape&quot;},&quot;large&quot;:{&quot;height&quot;:768,&quot;width&quot;:1024,&quot;url&quot;:&quot;http:\/\/www.eidenberg-agenda21.info\/web2\/wp-content\/uploads\/2023\/11\/0016-1-1024x768.jpg&quot;,&quot;orientation&quot;:&quot;landscape&quot;},&quot;full&quot;:{&quot;url&quot;:&quot;http:\/\/www.eidenberg-agenda21.info\/web2\/wp-content\/uploads\/2023\/11\/0016-1-scaled.jpg&quot;,&quot;height&quot;:1920,&quot;width&quot;:2560,&quot;orientation&quot;:&quot;landscape&quot;}}\"><\/span><span><img decoding=\"async\" alt=\"\" data-id=\"3958\" width=\"2560\" height=\"1920\" title=\"0015\" src=\"http:\/\/www.eidenberg-agenda21.info\/web2\/wp-content\/uploads\/2023\/11\/0015-1-300x225.jpg\" data-src=\"http:\/\/www.eidenberg-agenda21.info\/web2\/wp-content\/uploads\/2023\/11\/0015-1-300x225.jpg\" loading=\"lazy\" data-sizes=\"{&quot;thumbnail&quot;:{&quot;height&quot;:150,&quot;width&quot;:150,&quot;url&quot;:&quot;http:\/\/www.eidenberg-agenda21.info\/web2\/wp-content\/uploads\/2023\/11\/0015-1-150x150.jpg&quot;,&quot;orientation&quot;:&quot;landscape&quot;},&quot;medium&quot;:{&quot;height&quot;:225,&quot;width&quot;:300,&quot;url&quot;:&quot;http:\/\/www.eidenberg-agenda21.info\/web2\/wp-content\/uploads\/2023\/11\/0015-1-300x225.jpg&quot;,&quot;orientation&quot;:&quot;landscape&quot;},&quot;large&quot;:{&quot;height&quot;:768,&quot;width&quot;:1024,&quot;url&quot;:&quot;http:\/\/www.eidenberg-agenda21.info\/web2\/wp-content\/uploads\/2023\/11\/0015-1-1024x768.jpg&quot;,&quot;orientation&quot;:&quot;landscape&quot;},&quot;full&quot;:{&quot;url&quot;:&quot;http:\/\/www.eidenberg-agenda21.info\/web2\/wp-content\/uploads\/2023\/11\/0015-1-scaled.jpg&quot;,&quot;height&quot;:1920,&quot;width&quot;:2560,&quot;orientation&quot;:&quot;landscape&quot;}}\"><\/span><span><img decoding=\"async\" alt=\"\" data-id=\"3959\" width=\"2560\" height=\"1920\" title=\"0014\" src=\"http:\/\/www.eidenberg-agenda21.info\/web2\/wp-content\/uploads\/2023\/11\/0014-1-300x225.jpg\" data-src=\"http:\/\/www.eidenberg-agenda21.info\/web2\/wp-content\/uploads\/2023\/11\/0014-1-300x225.jpg\" loading=\"lazy\" data-sizes=\"{&quot;thumbnail&quot;:{&quot;height&quot;:150,&quot;width&quot;:150,&quot;url&quot;:&quot;http:\/\/www.eidenberg-agenda21.info\/web2\/wp-content\/uploads\/2023\/11\/0014-1-150x150.jpg&quot;,&quot;orientation&quot;:&quot;landscape&quot;},&quot;medium&quot;:{&quot;height&quot;:225,&quot;width&quot;:300,&quot;url&quot;:&quot;http:\/\/www.eidenberg-agenda21.info\/web2\/wp-content\/uploads\/2023\/11\/0014-1-300x225.jpg&quot;,&quot;orientation&quot;:&quot;landscape&quot;},&quot;large&quot;:{&quot;height&quot;:768,&quot;width&quot;:1024,&quot;url&quot;:&quot;http:\/\/www.eidenberg-agenda21.info\/web2\/wp-content\/uploads\/2023\/11\/0014-1-1024x768.jpg&quot;,&quot;orientation&quot;:&quot;landscape&quot;},&quot;full&quot;:{&quot;url&quot;:&quot;http:\/\/www.eidenberg-agenda21.info\/web2\/wp-content\/uploads\/2023\/11\/0014-1-scaled.jpg&quot;,&quot;height&quot;:1920,&quot;width&quot;:2560,&quot;orientation&quot;:&quot;landscape&quot;}}\"><\/span><span><img decoding=\"async\" alt=\"\" data-id=\"3960\" width=\"2560\" height=\"1920\" title=\"0013\" src=\"http:\/\/www.eidenberg-agenda21.info\/web2\/wp-content\/uploads\/2023\/11\/0013-1-300x225.jpg\" data-src=\"http:\/\/www.eidenberg-agenda21.info\/web2\/wp-content\/uploads\/2023\/11\/0013-1-300x225.jpg\" loading=\"lazy\" data-sizes=\"{&quot;thumbnail&quot;:{&quot;height&quot;:150,&quot;width&quot;:150,&quot;url&quot;:&quot;http:\/\/www.eidenberg-agenda21.info\/web2\/wp-content\/uploads\/2023\/11\/0013-1-150x150.jpg&quot;,&quot;orientation&quot;:&quot;landscape&quot;},&quot;medium&quot;:{&quot;height&quot;:225,&quot;width&quot;:300,&quot;url&quot;:&quot;http:\/\/www.eidenberg-agenda21.info\/web2\/wp-content\/uploads\/2023\/11\/0013-1-300x225.jpg&quot;,&quot;orientation&quot;:&quot;landscape&quot;},&quot;large&quot;:{&quot;height&quot;:768,&quot;width&quot;:1024,&quot;url&quot;:&quot;http:\/\/www.eidenberg-agenda21.info\/web2\/wp-content\/uploads\/2023\/11\/0013-1-1024x768.jpg&quot;,&quot;orientation&quot;:&quot;landscape&quot;},&quot;full&quot;:{&quot;url&quot;:&quot;http:\/\/www.eidenberg-agenda21.info\/web2\/wp-content\/uploads\/2023\/11\/0013-1-scaled.jpg&quot;,&quot;height&quot;:1920,&quot;width&quot;:2560,&quot;orientation&quot;:&quot;landscape&quot;}}\"><\/span><\/p>\n<h1 style=\"\">Kontakt<\/h1>\n<p>Projektpate: <strong>Adi Hinterh\u00f6lzl<\/strong><strong><a href=\"mailto:kontakt@eidenberg-agenda21.info\" target=\"_blank\" style=\"outline: none;\" rel=\"noopener\">kontakt@eidenberg-agenda21.info<\/a><\/strong><\/p>\n<p style=\"\">PROJEKTGRUPPE<\/p>\n<h2><strong>\u00d6koberg &#8211; Stammtisch \u00d6kologisch leben in Eidenberg<\/strong><\/h2>\n<p>Ein Projekt zur Vernetzung aller, denen ein nachhaltiges Leben vor Ort am Herzen liegt.<\/p>\n<p><span><img decoding=\"async\" alt=\"\" data-id=\"3953\" width=\"2560\" height=\"1920\" title=\"0020\" src=\"http:\/\/www.eidenberg-agenda21.info\/web2\/wp-content\/uploads\/2023\/11\/0020-1-1024x768.jpg\" data-src=\"http:\/\/www.eidenberg-agenda21.info\/web2\/wp-content\/uploads\/2023\/11\/0020-1-300x225.jpg\" loading=\"lazy\" data-sizes=\"{&quot;thumbnail&quot;:{&quot;height&quot;:150,&quot;width&quot;:150,&quot;url&quot;:&quot;http:\/\/www.eidenberg-agenda21.info\/web2\/wp-content\/uploads\/2023\/11\/0020-1-150x150.jpg&quot;,&quot;orientation&quot;:&quot;landscape&quot;},&quot;medium&quot;:{&quot;height&quot;:225,&quot;width&quot;:300,&quot;url&quot;:&quot;http:\/\/www.eidenberg-agenda21.info\/web2\/wp-content\/uploads\/2023\/11\/0020-1-300x225.jpg&quot;,&quot;orientation&quot;:&quot;landscape&quot;},&quot;large&quot;:{&quot;height&quot;:768,&quot;width&quot;:1024,&quot;url&quot;:&quot;http:\/\/www.eidenberg-agenda21.info\/web2\/wp-content\/uploads\/2023\/11\/0020-1-1024x768.jpg&quot;,&quot;orientation&quot;:&quot;landscape&quot;},&quot;full&quot;:{&quot;url&quot;:&quot;http:\/\/www.eidenberg-agenda21.info\/web2\/wp-content\/uploads\/2023\/11\/0020-1-scaled.jpg&quot;,&quot;height&quot;:1920,&quot;width&quot;:2560,&quot;orientation&quot;:&quot;landscape&quot;}}\"><\/span><span><img decoding=\"async\" alt=\"\" data-id=\"3952\" width=\"2560\" height=\"1920\" title=\"0021\" src=\"http:\/\/www.eidenberg-agenda21.info\/web2\/wp-content\/uploads\/2023\/11\/0021-1-1024x768.jpg\" data-src=\"http:\/\/www.eidenberg-agenda21.info\/web2\/wp-content\/uploads\/2023\/11\/0021-1-300x225.jpg\" loading=\"lazy\" data-sizes=\"{&quot;thumbnail&quot;:{&quot;height&quot;:150,&quot;width&quot;:150,&quot;url&quot;:&quot;http:\/\/www.eidenberg-agenda21.info\/web2\/wp-content\/uploads\/2023\/11\/0021-1-150x150.jpg&quot;,&quot;orientation&quot;:&quot;landscape&quot;},&quot;medium&quot;:{&quot;height&quot;:225,&quot;width&quot;:300,&quot;url&quot;:&quot;http:\/\/www.eidenberg-agenda21.info\/web2\/wp-content\/uploads\/2023\/11\/0021-1-300x225.jpg&quot;,&quot;orientation&quot;:&quot;landscape&quot;},&quot;large&quot;:{&quot;height&quot;:768,&quot;width&quot;:1024,&quot;url&quot;:&quot;http:\/\/www.eidenberg-agenda21.info\/web2\/wp-content\/uploads\/2023\/11\/0021-1-1024x768.jpg&quot;,&quot;orientation&quot;:&quot;landscape&quot;},&quot;full&quot;:{&quot;url&quot;:&quot;http:\/\/www.eidenberg-agenda21.info\/web2\/wp-content\/uploads\/2023\/11\/0021-1-scaled.jpg&quot;,&quot;height&quot;:1920,&quot;width&quot;:2560,&quot;orientation&quot;:&quot;landscape&quot;}}\"><\/span><span><img decoding=\"async\" alt=\"\" data-id=\"3951\" width=\"2560\" height=\"1920\" title=\"0022\" src=\"http:\/\/www.eidenberg-agenda21.info\/web2\/wp-content\/uploads\/2023\/11\/0022-1-1024x768.jpg\" data-src=\"http:\/\/www.eidenberg-agenda21.info\/web2\/wp-content\/uploads\/2023\/11\/0022-1-300x225.jpg\" loading=\"lazy\" data-sizes=\"{&quot;thumbnail&quot;:{&quot;height&quot;:150,&quot;width&quot;:150,&quot;url&quot;:&quot;http:\/\/www.eidenberg-agenda21.info\/web2\/wp-content\/uploads\/2023\/11\/0022-1-150x150.jpg&quot;,&quot;orientation&quot;:&quot;landscape&quot;},&quot;medium&quot;:{&quot;height&quot;:225,&quot;width&quot;:300,&quot;url&quot;:&quot;http:\/\/www.eidenberg-agenda21.info\/web2\/wp-content\/uploads\/2023\/11\/0022-1-300x225.jpg&quot;,&quot;orientation&quot;:&quot;landscape&quot;},&quot;large&quot;:{&quot;height&quot;:768,&quot;width&quot;:1024,&quot;url&quot;:&quot;http:\/\/www.eidenberg-agenda21.info\/web2\/wp-content\/uploads\/2023\/11\/0022-1-1024x768.jpg&quot;,&quot;orientation&quot;:&quot;landscape&quot;},&quot;full&quot;:{&quot;url&quot;:&quot;http:\/\/www.eidenberg-agenda21.info\/web2\/wp-content\/uploads\/2023\/11\/0022-1-scaled.jpg&quot;,&quot;height&quot;:1920,&quot;width&quot;:2560,&quot;orientation&quot;:&quot;landscape&quot;}}\"><\/span><\/p>\n<h1 style=\"\">Kontakt<\/h1>\n<p><span><img decoding=\"async\" alt=\"\" data-id=\"3882\" width=\"331\" data-init-width=\"800\" height=\"166\" data-init-height=\"400\" title=\"\" loading=\"lazy\" src=\"\/\/www.eidenberg-agenda21.info\/web2\/wp-content\/uploads\/2023\/11\/336022409_3204810306476237_4753214361688308538_n.jpg\" data-width=\"331\" data-height=\"166\" style=\"aspect-ratio: auto 800 \/ 400;\"><\/span><\/p>\n<p>Projektpate: <strong>Katharina Neuner<\/strong><a href=\"mailto:oekoberg.stammtisch@hotmail.com\" target=\"_blank\" style=\"outline: none;\" rel=\"noopener\"><strong>oekoberg.stammtisch@hotmail.com<\/strong><\/a><\/p>\n<p>Der Stammtisch \u00d6koberg findet alle zwei Monate, jeweils am zweiten Donnerstag des Monats immer um 19.30 Uhr im Lamahof Weixlbaumer in Eidenberg statt.<\/p>\n<p>Mehr dar\u00fcber: <a href=\"https:\/\/www.facebook.com\/profile.php?id=100090705716701\" rel=\"nofollow noopener\" tabindex=\"0\" target=\"_blank\" style=\"outline: none;\">https:\/\/www.facebook.com\/profile.php?id=100090705716701<\/a>und <a href=\"https:\/\/www.instagram.com\/oekoberg_stammtisch\/\" target=\"_blank\" rel=\"noopener\">https:\/\/www.instagram.com\/oekoberg_stammtisch<\/a><\/p>\n<p style=\"\">PROJEKTGRUPPE<\/p>\n<h2><strong>Erneuerbare Energiegemeinschaften<\/strong><\/h2>\n<p>Ein Projekt zur Entwicklung erneuerbaren Energiegemeinschaften in unserem Ort.<\/p>\n<p><span><img decoding=\"async\" alt=\"\" data-id=\"3950\" width=\"2560\" height=\"1920\" title=\"0023\" src=\"http:\/\/www.eidenberg-agenda21.info\/web2\/wp-content\/uploads\/2023\/11\/0023-1-1024x768.jpg\" data-src=\"http:\/\/www.eidenberg-agenda21.info\/web2\/wp-content\/uploads\/2023\/11\/0023-1-300x225.jpg\" loading=\"lazy\" data-sizes=\"{&quot;thumbnail&quot;:{&quot;height&quot;:150,&quot;width&quot;:150,&quot;url&quot;:&quot;http:\/\/www.eidenberg-agenda21.info\/web2\/wp-content\/uploads\/2023\/11\/0023-1-150x150.jpg&quot;,&quot;orientation&quot;:&quot;landscape&quot;},&quot;medium&quot;:{&quot;height&quot;:225,&quot;width&quot;:300,&quot;url&quot;:&quot;http:\/\/www.eidenberg-agenda21.info\/web2\/wp-content\/uploads\/2023\/11\/0023-1-300x225.jpg&quot;,&quot;orientation&quot;:&quot;landscape&quot;},&quot;large&quot;:{&quot;height&quot;:768,&quot;width&quot;:1024,&quot;url&quot;:&quot;http:\/\/www.eidenberg-agenda21.info\/web2\/wp-content\/uploads\/2023\/11\/0023-1-1024x768.jpg&quot;,&quot;orientation&quot;:&quot;landscape&quot;},&quot;full&quot;:{&quot;url&quot;:&quot;http:\/\/www.eidenberg-agenda21.info\/web2\/wp-content\/uploads\/2023\/11\/0023-1-scaled.jpg&quot;,&quot;height&quot;:1920,&quot;width&quot;:2560,&quot;orientation&quot;:&quot;landscape&quot;}}\"><\/span><span><img decoding=\"async\" alt=\"\" data-id=\"3948\" width=\"2560\" height=\"1920\" title=\"0024\" src=\"http:\/\/www.eidenberg-agenda21.info\/web2\/wp-content\/uploads\/2023\/11\/0024-1-1024x768.jpg\" data-src=\"http:\/\/www.eidenberg-agenda21.info\/web2\/wp-content\/uploads\/2023\/11\/0024-1-300x225.jpg\" loading=\"lazy\" data-sizes=\"{&quot;thumbnail&quot;:{&quot;height&quot;:150,&quot;width&quot;:150,&quot;url&quot;:&quot;http:\/\/www.eidenberg-agenda21.info\/web2\/wp-content\/uploads\/2023\/11\/0024-1-150x150.jpg&quot;,&quot;orientation&quot;:&quot;landscape&quot;},&quot;medium&quot;:{&quot;height&quot;:225,&quot;width&quot;:300,&quot;url&quot;:&quot;http:\/\/www.eidenberg-agenda21.info\/web2\/wp-content\/uploads\/2023\/11\/0024-1-300x225.jpg&quot;,&quot;orientation&quot;:&quot;landscape&quot;},&quot;large&quot;:{&quot;height&quot;:768,&quot;width&quot;:1024,&quot;url&quot;:&quot;http:\/\/www.eidenberg-agenda21.info\/web2\/wp-content\/uploads\/2023\/11\/0024-1-1024x768.jpg&quot;,&quot;orientation&quot;:&quot;landscape&quot;},&quot;full&quot;:{&quot;url&quot;:&quot;http:\/\/www.eidenberg-agenda21.info\/web2\/wp-content\/uploads\/2023\/11\/0024-1-scaled.jpg&quot;,&quot;height&quot;:1920,&quot;width&quot;:2560,&quot;orientation&quot;:&quot;landscape&quot;}}\"><\/span><span><img decoding=\"async\" alt=\"\" data-id=\"3947\" width=\"2560\" height=\"1920\" title=\"0026\" src=\"http:\/\/www.eidenberg-agenda21.info\/web2\/wp-content\/uploads\/2023\/11\/0026-1-1024x768.jpg\" data-src=\"http:\/\/www.eidenberg-agenda21.info\/web2\/wp-content\/uploads\/2023\/11\/0026-1-300x225.jpg\" loading=\"lazy\" data-sizes=\"{&quot;thumbnail&quot;:{&quot;height&quot;:150,&quot;width&quot;:150,&quot;url&quot;:&quot;http:\/\/www.eidenberg-agenda21.info\/web2\/wp-content\/uploads\/2023\/11\/0026-1-150x150.jpg&quot;,&quot;orientation&quot;:&quot;landscape&quot;},&quot;medium&quot;:{&quot;height&quot;:225,&quot;width&quot;:300,&quot;url&quot;:&quot;http:\/\/www.eidenberg-agenda21.info\/web2\/wp-content\/uploads\/2023\/11\/0026-1-300x225.jpg&quot;,&quot;orientation&quot;:&quot;landscape&quot;},&quot;large&quot;:{&quot;height&quot;:768,&quot;width&quot;:1024,&quot;url&quot;:&quot;http:\/\/www.eidenberg-agenda21.info\/web2\/wp-content\/uploads\/2023\/11\/0026-1-1024x768.jpg&quot;,&quot;orientation&quot;:&quot;landscape&quot;},&quot;full&quot;:{&quot;url&quot;:&quot;http:\/\/www.eidenberg-agenda21.info\/web2\/wp-content\/uploads\/2023\/11\/0026-1-scaled.jpg&quot;,&quot;height&quot;:1920,&quot;width&quot;:2560,&quot;orientation&quot;:&quot;landscape&quot;}}\"><\/span><\/p>\n<h1 style=\"\">Kontakt<\/h1>\n<p>Projektpaten: <strong>Peter Frittajon &amp; Gottfried Mair<\/strong><a href=\"https:\/\/nic.at\/registrar\/693\" target=\"_blank\" style=\"outline: none;\" rel=\"noopener\"><strong>info@eeg-eidenberg.at<\/strong><\/a><\/p>\n","protected":false},"excerpt":{"rendered":"<p>Du hast Fragen oder m\u00f6chtest Unterst\u00fctzen? Bei jeder aktiven Projektgruppe findest du den Kontakt zum aktuellen Projektpaten. PROJEKTGRUPPE Nahversorgung weiter denken Ein Projekt zur Weiterentwicklung unserere Lebensmittelversorgung. Kontakt Projektpate: Adi Hinterh\u00f6lzlkontakt@eidenberg-agenda21.info PROJEKTGRUPPE \u00d6koberg &#8211; Stammtisch \u00d6kologisch leben in Eidenberg Ein Projekt zur Vernetzung aller, denen ein nachhaltiges Leben vor Ort am Herzen liegt. Kontakt Projektpate: [&hellip;]<\/p>\n","protected":false},"author":1,"featured_media":3838,"parent":0,"menu_order":0,"comment_status":"closed","ping_status":"closed","template":"","meta":{"footnotes":""},"class_list":["post-3837","page","type-page","status-publish","has-post-thumbnail","hentry","post-wrapper","thrv_wrapper"],"_links":{"self":[{"href":"http:\/\/www.eidenberg-agenda21.info\/web2\/wp-json\/wp\/v2\/pages\/3837","targetHints":{"allow":["GET"]}}],"collection":[{"href":"http:\/\/www.eidenberg-agenda21.info\/web2\/wp-json\/wp\/v2\/pages"}],"about":[{"href":"http:\/\/www.eidenberg-agenda21.info\/web2\/wp-json\/wp\/v2\/types\/page"}],"author":[{"embeddable":true,"href":"http:\/\/www.eidenberg-agenda21.info\/web2\/wp-json\/wp\/v2\/users\/1"}],"replies":[{"embeddable":true,"href":"http:\/\/www.eidenberg-agenda21.info\/web2\/wp-json\/wp\/v2\/comments?post=3837"}],"version-history":[{"count":15,"href":"http:\/\/www.eidenberg-agenda21.info\/web2\/wp-json\/wp\/v2\/pages\/3837\/revisions"}],"predecessor-version":[{"id":4026,"href":"http:\/\/www.eidenberg-agenda21.info\/web2\/wp-json\/wp\/v2\/pages\/3837\/revisions\/4026"}],"wp:featuredmedia":[{"embeddable":true,"href":"http:\/\/www.eidenberg-agenda21.info\/web2\/wp-json\/wp\/v2\/media\/3838"}],"wp:attachment":[{"href":"http:\/\/www.eidenberg-agenda21.info\/web2\/wp-json\/wp\/v2\/media?parent=3837"}],"curies":[{"name":"wp","href":"https:\/\/api.w.org\/{rel}","templated":true}]}}