{"id":3832,"date":"2023-11-08T18:21:54","date_gmt":"2023-11-08T17:21:54","guid":{"rendered":"https:\/\/www.eidenberg-agenda21.info\/web2\/?page_id=3832"},"modified":"2023-11-09T09:50:51","modified_gmt":"2023-11-09T08:50:51","slug":"mitwirker","status":"publish","type":"page","link":"http:\/\/www.eidenberg-agenda21.info\/web2\/mitwirker\/","title":{"rendered":"Mitgewirkt haben"},"content":{"rendered":"<p style=\"\">MITWIRKER<\/p>\n<h1 style=\"\">An der Entwicklung des Eidenberger Zukunftsprofils haben <span style=\"--tcb-applied-color: var$(--tcb-color-1) !important; color: var(--tcb-color-1) !important;\">durch ihre Ideen und Impulse mitgewirkt:<\/span><\/h1>\n<p>Maria ATZM\u00dcLLER \u2022 Anton BAUER Junior \u2022 Anton BAUER \u2022 Susanna BAUER \u2022 Alexander BEISL Birgit BEISL \u2022 Benedikt BIRNGRUBER \u2022 Wolfgang BIRNGRUBER \u2022 Gerhard BUCHINGER Eduard BURGSTALLER \u2022 Maria BURGSTALLER \u2022 Andreas CASTA \u2022 Max COLLI \u2022 Dominik DANNER \u2022 Alexander DUMFART \u2022 Elisabeth DUMFART \u2022 Sandra DUMFART \u2022 Peter FRITTAJON Josef FUCEC \u2022 Rosmarie FUCEC \u2022 Lena F\u00dc\u00dfLBERGER \u2022 Alexander GALLISTL \u2022 Elisabeth GATTRINGER \u2022 Gerhard GATTRINGER \u2022 Steffi GRASB\u00d6CK \u2022 Edith GR\u00dcNBACHER \u2022 Margarete GR\u00dcNBACHER \u2022 Alfred HAAS \u2022 Christine HAAS \u2022 Petra HASLINGER \u2022 Verena HEILMANN Barbara HIERSCHL\u00c4GER \u2022 Franz HIERSCHL\u00c4GER \u2022 Herbert HIERSCHL\u00c4GER \u2022 Julian HIERSCHL\u00c4GER \u2022 Margarete HIERSCHL\u00c4GER \u2022 Michael HIERSCHL\u00c4GER \u2022 Adi HINTERH\u00d6LZL Gerald HOFST\u00c4TTER \u2022 Johanna HOFST\u00c4TTER \u2022 Lukas HOFST\u00c4TTER \u2022 Johann HUEMER Ulrike HUEMER \u2022 Alois KAISER \u2022 Bernhard KAISER \u2022 Magdalena KAISER \u2022 Margarete KAISER Sandra KERN \u2022 Christian KNEIDINGER \u2022 G\u00fcnter KNEIDINGER jun. \u2022 Katja KNEIDINGER \u2022 Silvia KNEIDINGER \u2022 Erika KOLL \u2022 Christine K\u00d6PPL \u2022 Sabina KROPF \u2022 Manuel LANZERSTORFER Karina LEITNER \u2022 Hubert LUGMAYR \u2022 Michaela LUGMAYR \u2022 Barbara MAIR \u2022 Elisabeth MAIR Gottfried MAIR \u2022 Lukas MAIR \u2022 Birgit MATT \u2022 Christian MATT \u2022 Horst MAUREDER \u2022 Josef MAYR \u2022 Markus MAYR \u2022 Michaela MAYR \u2022 Max MAYRHOFER \u2022 Karin MITTERECKER \u2022 Silvia MOSER \u2022 Horst MUHM \u2022 Christine M\u00dcLLNER \u2022 Rosa Maria M\u00dcLLNER-EISSCHIEL \u2022 Katharina NEUNER \u2022 Lisa NOPP \u2022 Manuel NOPP \u2022 Melanie OBERMAIR \u2022 Elisabeth PARGFRIEDER Helga PARGFRIEDER \u2022 Robert PARGFRIEDER \u2022 Thomas PARGFRIEDER \u2022 Rosi PLAKOLM Manfred POINTNER \u2022 Christian PRIGLINGER \u2022 Lisa PRIGLINGER \u2022 Wilfried PRIGLINGER Bettina RATZENB\u00d6CK \u2022 Mario REGENHART \u2022 Maximilian REITER \u2022 Christa RICHTSFELD Rudolf RICHTSFELD \u2022 Armin ROHRMANSTORFER \u2022 Lisa SCHAUFLER \u2022 Martin SCHERH\u00c4UFL Regina SCHERH\u00c4UFL \u2022 G\u00fcnther SCHMALZER \u2022 Ingrid SCHMIDINGER \u2022 Lydia SCHMIDINGER Norbert SCHMIDINGER \u2022 Andreas SCH\u00dcTZ \u2022 Manfred SCH\u00dcTZ \u2022 Oliver SCH\u00dcTZ \u2022 Thomas SCHWIERZ \u2022 Ulrike SCHWIERZ \u2022 Alexander SEEMANN \u2022 Brigitte SEIFERT \u2022 G\u00fcnther SEIFERT Martina SIMLINGER-HAAS \u2022 Veronika ST\u00d6LLNBERGER \u2022 Michael THOMASBERGER \u2022 Maria TOPF \u2022 Julia VORHEMUS \u2022 Thomas WAIBEL \u2022 Christian WEIXLBAUMER \u2022 Alicsha WETSCHKO Claudia WIMMER \u2022 Laura WINKLER \u2022 Anna WOLFESBERGER \u2022 Hubert ZAMUT \u2022 sowie die 93 Kinder, die 2022 die Volksschule Eidenberg besuchten&nbsp;<\/p>\n<p style=\"\">Agenda 21<\/p>\n<h2><strong>Die Agenda 21<\/strong><\/h2>\n<p><strong><\/strong>ist in Eidenberg eine Plattform, in der zukunftsbewegte Menschen sich treffen und aktiv daran mitarbeiten, dass dieses Zukunftsprofil umgesetzt wird. Zu seiner Realisierung braucht es auch das n\u00f6tige Geld. Angesichts der \u00f6ffentlichen Geldverknappung sind wir mehr als bisher gefordert, dass wir uns auf Gemeindeebene dennoch jenen finanziellen \u201eSpielraum\u201c erhalten, dass wir auch neue, zukunftsweisende Aktivit\u00e4ten setzen k\u00f6nnen.<\/p>\n<p><span><img decoding=\"async\" alt=\"\" data-id=\"3497\" width=\"1200\" data-init-width=\"1920\" height=\"800\" data-init-height=\"1280\" title=\"Kernteam Agenda21 in Eidenberg\" loading=\"lazy\" src=\"\/\/www.eidenberg-agenda21.info\/web2\/wp-content\/uploads\/2022\/09\/agenda21_Gruppenfoto.jpg\" data-width=\"1200\" data-height=\"800\" style=\"aspect-ratio: auto 1920 \/ 1280;\"><\/span><\/p>\n<p>&nbsp;<\/p>\n<p>Es gibt aber auch Vorhaben, die wenig oder gar nichts kosten, daf\u00fcr aber in unserem Denken \u201ein Gang kommen\u201c m\u00fcssen. Hier kann jede\/r bei sich selbst beginnen. Wir vom Kernteam freuen uns, wenn Sie sich angesprochen f\u00fchlen. Vielleicht k\u00f6nnen Sie sogar die eine oder andere Stunde f\u00fcr eine gemeinschaftliche Aufgabe einbringen. Dann nehmen Sie bitte mit uns Kontakt auf. Durch die Mitarbeit vieler soll nachfolgender Sinnspruch bei uns Wirklichkeit werden.<\/p>\n<p>&nbsp;<\/p>\n<p style=\"\"><em><strong>\u201eWenn jede\/r an den anderen denkt, ist auch an mich gedacht\u201c.<\/strong><\/em><\/p>\n<p style=\"\">Kernteam<\/p>\n<p><span><img decoding=\"async\" alt=\"\" data-id=\"3498\" width=\"243\" data-init-width=\"1280\" height=\"364\" data-init-height=\"1920\" title=\"Manfred Sch\u00fctz\" loading=\"lazy\" src=\"\/\/www.eidenberg-agenda21.info\/web2\/wp-content\/uploads\/2022\/09\/agenda21-7546.jpg\" data-width=\"243\" data-height=\"364\" style=\"aspect-ratio: auto 1280 \/ 1920;\"><\/span><\/p>\n<h4>Ing. Manfred Sch\u00fctz<\/h4>\n<p>Teichweg 3, 4201 Eidenbergtechn. Angest. Architektur<\/p>\n<p>Als Agenda21-Aktivist der 1. Stunde blicke ich auf viele Erfolge unseres Weges zur\u00fcck und sehe B\u00fcrgerbeteiligung auch in Zukunft als Schl\u00fcssel zur Bew\u00e4ltigung der aktuellen Herausforderungen!<\/p>\n<p><span><img decoding=\"async\" alt=\"\" data-id=\"3502\" width=\"243\" data-init-width=\"1280\" height=\"364\" data-init-height=\"1920\" title=\"Julian Hierschl\u00e4ger\" loading=\"lazy\" src=\"\/\/www.eidenberg-agenda21.info\/web2\/wp-content\/uploads\/2022\/09\/agenda21-7572.jpg\" data-width=\"243\" data-height=\"364\" style=\"aspect-ratio: auto 1280 \/ 1920;\"><\/span><\/p>\n<h4>Julian Hierschl\u00e4ger<\/h4>\n<p>Kirchenweg 13, 4201 EidenbergSelbst\u00e4ndiger Consultant f\u00fcr digitale Prozesse im Bauwesen<\/p>\n<p>Aufgrund meiner Funktion als Bauausschussobmann der Gemeinde Eidenberg ist mir wichtig, dass EidenbergerInnen bei wichtigen Zukunftsthemen selbst mitgestalten k\u00f6nnen und auch transparent informiert werden. Agenda 21 ist das perfekte Format um Verbesserungsm\u00f6glichkeiten aufzuzeigen und diese gemeinsam mit den Verantwortlichen der Gemeinde umzusetzen. Ich bin Mitglied des Kernteams um die wichtigen Themen wie z.B. Bauen &amp; Wohnen gemeinsam mit EidenbergerInnen zu diskutieren und entsprechende Projekt voranzutreiben.<\/p>\n<p><span><img decoding=\"async\" alt=\"\" data-id=\"3516\" width=\"243\" data-init-width=\"1280\" height=\"364\" data-init-height=\"1920\" title=\"Katharina Neuner\" loading=\"lazy\" src=\"\/\/www.eidenberg-agenda21.info\/web2\/wp-content\/uploads\/2022\/09\/agenda21-7662.jpg\" data-width=\"243\" data-height=\"364\" style=\"aspect-ratio: auto 1280 \/ 1920;\"><\/span><\/p>\n<h4>Mag. (FH) Katharina Neuner<\/h4>\n<p>Sozialarbeiterin<\/p>\n<p>Ich bin im Agenda 21 Kernteam, weil ich so motiviert und inspiriert war von der Teilnahme am heurigen B\u00fcrger:innenrat, dass ich diese Motivation gerne weiter tragen m\u00f6chte.Ich will Teil der L\u00f6sung sein und an der Umsetzung der vielen Visionen f\u00fcr Eidenberg mitwirken.Es freut mich sehr, dass wir in Eidenberg die M\u00f6glichkeit haben, an einem begleiteten B\u00fcrger:innen-Beteiligungsprozess teilzuhaben und unsere Vorstellungen und Ideen einbringen k\u00f6nnen! Ich freue mich darauf, viele dieser Ideen in der Umsetzung zu sehen!<\/p>\n<p><span><img decoding=\"async\" alt=\"\" data-id=\"3500\" width=\"243\" data-init-width=\"1280\" height=\"364\" data-init-height=\"1920\" title=\"Kaiser Bernhard\" loading=\"lazy\" src=\"\/\/www.eidenberg-agenda21.info\/web2\/wp-content\/uploads\/2022\/09\/agenda21-7561.jpg\" data-width=\"243\" data-height=\"364\" style=\"aspect-ratio: auto 1280 \/ 1920;\"><\/span><\/p>\n<h4>Kaiser Bernhard<\/h4>\n<p>Kirchenweg 17, 4201 EidenbergAmtsleiter<\/p>\n<p>Im Kernteam bin ich, weil mir Eidenberg und die Menschen die hier leben wichtig sind.Eidenberg bedeutet f\u00fcr mich Heimat.&nbsp;<\/p>\n<p><span><img decoding=\"async\" alt=\"\" data-id=\"3510\" width=\"243\" data-init-width=\"1280\" height=\"364\" data-init-height=\"1920\" title=\"Mario Regenhart\" loading=\"lazy\" src=\"\/\/www.eidenberg-agenda21.info\/web2\/wp-content\/uploads\/2022\/09\/agenda21-7655.jpg\" data-width=\"243\" data-height=\"364\" style=\"aspect-ratio: auto 1280 \/ 1920;\"><\/span><\/p>\n<h4>Mario Regenhart<\/h4>\n<p>Shopmanager<\/p>\n<p>Als Neub\u00fcrger versuche ich neue Ideen und neue Blickwinkel auf gewohntes mitzubringen.<\/p>\n<p><span><img decoding=\"async\" alt=\"\" data-id=\"3503\" width=\"243\" data-init-width=\"1280\" height=\"364\" data-init-height=\"1920\" title=\"Lydia Schmidinger\" loading=\"lazy\" src=\"\/\/www.eidenberg-agenda21.info\/web2\/wp-content\/uploads\/2022\/09\/agenda21-7586.jpg\" data-width=\"243\" data-height=\"364\" style=\"aspect-ratio: auto 1280 \/ 1920;\"><\/span><\/p>\n<h4>Lydia Schmidinger<\/h4>\n<p>Bereits seit mehr als 20 Jahren engagiere ich mich als Agenda21 Mitglied, um aktiv einen Beitrag zur Weiterentwicklung eines lebenswerten Eidenbergs zu leisten. Es ist ein sch\u00f6nes Gef\u00fchl auf zahlreiche Erfolge in den letzten Jahren zur\u00fcckblicken zu d\u00fcrfen. Deshalb m\u00f6chte ich auch weiterhin nachhaltig meinen Beitrag f\u00fcr unser sch\u00f6nes Eidenberg leisten.<\/p>\n<\/p>\n<p><span><img decoding=\"async\" alt=\"\" data-id=\"3507\" width=\"243\" data-init-width=\"1280\" height=\"364\" data-init-height=\"1920\" title=\"Thomas Schwierz\" loading=\"lazy\" src=\"\/\/www.eidenberg-agenda21.info\/web2\/wp-content\/uploads\/2022\/09\/agenda21-7629.jpg\" data-width=\"243\" data-height=\"364\" style=\"aspect-ratio: auto 1280 \/ 1920;\"><\/span><\/p>\n<h4>Konsulent Dr. Thomas Schwierz<\/h4>\n<p>Lichtenberger Str. 96, 4201 EidenbergPensionist<\/p>\n<p>Eidenberg in seiner Urspr\u00fcnglichkeit und Identit\u00e4t zu erhalten und gleichzeitig mit einer zeitgem\u00e4\u00dfen Lebensqualit\u00e4t zu verbinden ist f\u00fcr mich Motivation zur Beteiligung am Agenda-Projekt.<\/p>\n<p><span><img decoding=\"async\" alt=\"\" data-id=\"3508\" width=\"243\" data-init-width=\"1280\" height=\"364\" data-init-height=\"1920\" title=\"Andreas Casta \" loading=\"lazy\" src=\"\/\/www.eidenberg-agenda21.info\/web2\/wp-content\/uploads\/2022\/09\/agenda21-7633.jpg\" data-width=\"243\" data-height=\"364\" style=\"aspect-ratio: auto 1280 \/ 1920;\"><\/span><\/p>\n<h4>Andreas Casta&nbsp;<\/h4>\n<p>Am Donaublick 12, 4201 EidenbergSachverst\u00e4ndiger f\u00fcr Vorbeugenden Brandschutz<\/p>\n<p>Wir haben das Privileg in einer absolut lebens- und liebenswerten Gemeinde wohnen zu d\u00fcrfen. Das ist aber keine Selbstverst\u00e4ndlichkeit sondern das Ergebnis unz\u00e4hliger ehrenamtlicher Stunden, wie z.B. in den vergangenen Agenda-Prozessen. Ich engagiere mich im Kernteam, weil auch ich einen kleinen Beitrag zu diesem gro\u00dfartigen Ganzen leisten m\u00f6chte.<\/p>\n<\/p>\n<p><span><img decoding=\"async\" alt=\"\" data-id=\"3499\" width=\"243\" data-init-width=\"1280\" height=\"364\" data-init-height=\"1920\" title=\"Claudia Wimmer\" loading=\"lazy\" src=\"\/\/www.eidenberg-agenda21.info\/web2\/wp-content\/uploads\/2022\/09\/agenda21-7550.jpg\" data-width=\"243\" data-height=\"364\" style=\"aspect-ratio: auto 1280 \/ 1920;\"><\/span><\/p>\n<h4>Claudia Wimmer<\/h4>\n<p><span><img decoding=\"async\" alt=\"\" data-id=\"3501\" width=\"243\" data-init-width=\"1280\" height=\"364\" data-init-height=\"1920\" title=\"Gerald Hofst\u00e4tter\" loading=\"lazy\" src=\"\/\/www.eidenberg-agenda21.info\/web2\/wp-content\/uploads\/2022\/09\/agenda21-7570.jpg\" data-width=\"243\" data-height=\"364\" style=\"aspect-ratio: auto 1280 \/ 1920;\"><\/span><\/p>\n<h4>Gerald Hofst\u00e4tter<\/h4>\n<p>Teichweg 2, 4201 EidenbergBeamter<\/p>\n<p>Mir ist die zuk\u00fcnftige Entwicklung von Eidenberg, meinem Heimat- und Geburtsort, dem Ort wo ich aufgewachsen bin, wichtig. Da ich meinen Wohnsitz auch in anderen Gemeinden hatte, m\u00f6chte ich meine diesbez\u00fcgliche Sichtweise und Erfahrung einbringen.<\/p>\n<p><span><img decoding=\"async\" alt=\"\" data-id=\"3505\" width=\"243\" data-init-width=\"1280\" height=\"364\" data-init-height=\"1920\" title=\"Dominik Sch\u00fctz\" loading=\"lazy\" src=\"\/\/www.eidenberg-agenda21.info\/web2\/wp-content\/uploads\/2022\/09\/agenda21-7605.jpg\" data-width=\"243\" data-height=\"364\" style=\"aspect-ratio: auto 1280 \/ 1920;\"><\/span><\/p>\n<h4>Oliver Sch\u00fctz<\/h4>\n<p>Teichweg 3, 4201 EidenbergGrafik und Kommunikationsdesigner<\/p>\n<p>Wie stellst du dir die Gemeinde vor, in der du einmal wohnen m\u00f6chtest? Wir sind selbst f\u00fcr die Gestaltung unserer Zukunft verantwortlich, und genau darum geht es bei der Agenda21.<\/p>\n<p><span><img decoding=\"async\" alt=\"\" data-id=\"3504\" width=\"243\" data-init-width=\"1280\" height=\"364\" data-init-height=\"1920\" title=\"Manuel Lanzerstorfer\" loading=\"lazy\" src=\"\/\/www.eidenberg-agenda21.info\/web2\/wp-content\/uploads\/2022\/09\/agenda21-7596.jpg\" data-width=\"243\" data-height=\"364\" style=\"aspect-ratio: auto 1280 \/ 1920;\"><\/span><\/p>\n<h4>Manuel Lanzerstorfer<\/h4>\n<p>Hauptstrasse 6, 4111 WaldingSelbstst\u00e4ndiger Pers\u00f6nlichkeitstrainer f\u00fcr Vereine und Lehrlinge<\/p>\n<p>Aufgewachsen und noch tief verankert in der Heimat, m\u00f6chte ich mich gemeinsam mit vielen Eidenbergerinnen und Eidenbergern weiter um unsere gemeinsame Gemeinde und alle Ortschaften einsetzen.<\/p><\/p>\n","protected":false},"excerpt":{"rendered":"<p>MITWIRKER An der Entwicklung des Eidenberger Zukunftsprofils haben durch ihre Ideen und Impulse mitgewirkt: Maria ATZM\u00dcLLER \u2022 Anton BAUER Junior \u2022 Anton BAUER \u2022 Susanna BAUER \u2022 Alexander BEISL Birgit BEISL \u2022 Benedikt BIRNGRUBER \u2022 Wolfgang BIRNGRUBER \u2022 Gerhard BUCHINGER Eduard BURGSTALLER \u2022 Maria BURGSTALLER \u2022 Andreas CASTA \u2022 Max COLLI \u2022 Dominik DANNER \u2022 [&hellip;]<\/p>\n","protected":false},"author":1,"featured_media":3149,"parent":0,"menu_order":0,"comment_status":"closed","ping_status":"closed","template":"","meta":{"footnotes":""},"class_list":["post-3832","page","type-page","status-publish","has-post-thumbnail","hentry","post-wrapper","thrv_wrapper"],"_links":{"self":[{"href":"http:\/\/www.eidenberg-agenda21.info\/web2\/wp-json\/wp\/v2\/pages\/3832","targetHints":{"allow":["GET"]}}],"collection":[{"href":"http:\/\/www.eidenberg-agenda21.info\/web2\/wp-json\/wp\/v2\/pages"}],"about":[{"href":"http:\/\/www.eidenberg-agenda21.info\/web2\/wp-json\/wp\/v2\/types\/page"}],"author":[{"embeddable":true,"href":"http:\/\/www.eidenberg-agenda21.info\/web2\/wp-json\/wp\/v2\/users\/1"}],"replies":[{"embeddable":true,"href":"http:\/\/www.eidenberg-agenda21.info\/web2\/wp-json\/wp\/v2\/comments?post=3832"}],"version-history":[{"count":3,"href":"http:\/\/www.eidenberg-agenda21.info\/web2\/wp-json\/wp\/v2\/pages\/3832\/revisions"}],"predecessor-version":[{"id":3901,"href":"http:\/\/www.eidenberg-agenda21.info\/web2\/wp-json\/wp\/v2\/pages\/3832\/revisions\/3901"}],"wp:featuredmedia":[{"embeddable":true,"href":"http:\/\/www.eidenberg-agenda21.info\/web2\/wp-json\/wp\/v2\/media\/3149"}],"wp:attachment":[{"href":"http:\/\/www.eidenberg-agenda21.info\/web2\/wp-json\/wp\/v2\/media?parent=3832"}],"curies":[{"name":"wp","href":"https:\/\/api.w.org\/{rel}","templated":true}]}}