{"id":3136,"date":"2022-06-07T15:22:17","date_gmt":"2022-06-07T13:22:17","guid":{"rendered":"http:\/\/www.eidenberg-agenda21.info\/web2\/generated-homepage\/"},"modified":"2023-11-09T15:40:03","modified_gmt":"2023-11-09T14:40:03","slug":"generated-homepage","status":"publish","type":"page","link":"http:\/\/www.eidenberg-agenda21.info\/web2\/","title":{"rendered":"EIDENBERG miteinander weiter denken | Agenda21 O\u00d6"},"content":{"rendered":"<p><span style=\"\"><img decoding=\"async\" alt=\"\" data-id=\"3143\" width=\"1200\" data-init-width=\"1024\" height=\"800\" data-init-height=\"683\" title=\"Eidenberg Ort\" loading=\"lazy\" src=\"\/\/www.eidenberg-agenda21.info\/web2\/wp-content\/uploads\/2022\/06\/Eidenberg-Ort.jpg\" data-width=\"1200\" data-height=\"800\" style=\"aspect-ratio: auto 1024 \/ 683;\" ml-d=\"0\" mt-d=\"-309\" center-v-d=\"false\"><\/span><\/p>\n<h2 style=\"\"><span data-attr-date-format=\"F j, Y\" data-attr-date-format-select=\"F j, Y\" data-attr-show-time=\"0\" data-attr-time-format=\"\" data-attr-time-format-select=\"g:i a\" data-attr-type=\"published\" data-extra_key=\"\" data-option-inline=\"1\" data-shortcode=\"tcb_post_published_date\" data-shortcode-name=\"Post date\" style=\"\">Oktober 31, 2023 <\/span><\/h2>\n<h2 style=\"\"><span data-attr-link=\"0\" data-attr-rel=\"0\" data-attr-target=\"0\" data-extra_key=\"\" data-option-inline=\"1\" data-shortcode=\"tcb_post_title\" data-shortcode-name=\"Post title\">Ergebnispr\u00e4sentation des Agenda Zukunftsprozess<\/span><\/h2>\n<p>Zur Ergebnispr\u00e4sentation des Agenda Zukunftsprozess werden alle Interessierten am Do. 09.11.2023 \/ 19:30 \/ DLZ-Eidenberg eingeladen. <a href=\"https:\/\/www.eidenberg-agenda21.info\/web2\/2023\/10\/nach-mehreren-monaten\/#more-3796\">(weiterlesen)<\/a><\/p>\n<p><a href=\"https:\/\/www.eidenberg-agenda21.info\/web2\/2023\/10\/nach-mehreren-monaten\/\" title=\"Ergebnispr\u00e4sentation des Agenda Zukunftsprozess\" data-type-url=\"post_url\" data-type-display=\"default_image\" data-css=\"\" data-size=\"medium\" data-post_id=\"3796\"><img width=\"214\" height=\"300\" src=\"http:\/\/www.eidenberg-agenda21.info\/web2\/wp-content\/uploads\/2023\/10\/231.10-214x300.png\" alt=\"\" decoding=\"async\" loading=\"lazy\" srcset=\"https:\/\/www.eidenberg-agenda21.info\/web2\/wp-content\/uploads\/2023\/10\/231.10-214x300.png 214w, https:\/\/www.eidenberg-agenda21.info\/web2\/wp-content\/uploads\/2023\/10\/231.10-731x1024.png 731w, https:\/\/www.eidenberg-agenda21.info\/web2\/wp-content\/uploads\/2023\/10\/231.10-768x1076.png 768w, https:\/\/www.eidenberg-agenda21.info\/web2\/wp-content\/uploads\/2023\/10\/231.10.png 832w\" sizes=\"auto, (max-width: 214px) 100vw, 214px\" \/><\/a><\/p>\n<h2 style=\"\"><span data-attr-date-format=\"F j, Y\" data-attr-date-format-select=\"F j, Y\" data-attr-show-time=\"0\" data-attr-time-format=\"\" data-attr-time-format-select=\"g:i a\" data-attr-type=\"published\" data-extra_key=\"\" data-option-inline=\"1\" data-shortcode=\"tcb_post_published_date\" data-shortcode-name=\"Post date\" style=\"\">September 18, 2023 <\/span><\/h2>\n<h2 style=\"\"><span data-attr-link=\"0\" data-attr-rel=\"0\" data-attr-target=\"0\" data-extra_key=\"\" data-option-inline=\"1\" data-shortcode=\"tcb_post_title\" data-shortcode-name=\"Post title\">Krippenbaukurs in Eidenberg: Info-Abend<\/span><\/h2>\n<p>Die Krippenbaukurse ab Herbst 2023 starten Anfang Oktober und Anfang November. <a href=\"https:\/\/www.eidenberg-agenda21.info\/web2\/2023\/09\/krippenbaukurs-in-eidenberg-info-abend\/#more-3791\">(weiterlesen)<\/a><\/p>\n<p><a href=\"https:\/\/www.eidenberg-agenda21.info\/web2\/2023\/09\/krippenbaukurs-in-eidenberg-info-abend\/\" title=\"Krippenbaukurs in Eidenberg: Info-Abend\" data-type-url=\"post_url\" data-type-display=\"default_image\" data-css=\"\" data-size=\"medium\" data-post_id=\"3791\"><img width=\"300\" height=\"200\" src=\"http:\/\/www.eidenberg-agenda21.info\/web2\/wp-content\/uploads\/2023\/09\/20220918-_MG_4334-300x200.jpg\" alt=\"\" decoding=\"async\" loading=\"lazy\" srcset=\"https:\/\/www.eidenberg-agenda21.info\/web2\/wp-content\/uploads\/2023\/09\/20220918-_MG_4334-300x200.jpg 300w, https:\/\/www.eidenberg-agenda21.info\/web2\/wp-content\/uploads\/2023\/09\/20220918-_MG_4334-1024x683.jpg 1024w, https:\/\/www.eidenberg-agenda21.info\/web2\/wp-content\/uploads\/2023\/09\/20220918-_MG_4334-768x512.jpg 768w, https:\/\/www.eidenberg-agenda21.info\/web2\/wp-content\/uploads\/2023\/09\/20220918-_MG_4334-1536x1024.jpg 1536w, https:\/\/www.eidenberg-agenda21.info\/web2\/wp-content\/uploads\/2023\/09\/20220918-_MG_4334-2048x1365.jpg 2048w\" sizes=\"auto, (max-width: 300px) 100vw, 300px\" \/><\/a><\/p>\n<h2 style=\"\"><span data-attr-date-format=\"F j, Y\" data-attr-date-format-select=\"F j, Y\" data-attr-show-time=\"0\" data-attr-time-format=\"\" data-attr-time-format-select=\"g:i a\" data-attr-type=\"published\" data-extra_key=\"\" data-option-inline=\"1\" data-shortcode=\"tcb_post_published_date\" data-shortcode-name=\"Post date\" style=\"\">September 12, 2023 <\/span><\/h2>\n<h2 style=\"\"><span data-attr-link=\"0\" data-attr-rel=\"0\" data-attr-target=\"0\" data-extra_key=\"\" data-option-inline=\"1\" data-shortcode=\"tcb_post_title\" data-shortcode-name=\"Post title\"><strong>Attraktivierung \u00d6ffentlicher Spielplatz Eidenberg<\/strong><\/span><\/h2>\n<p>Am Samstag, 2. September 2023 war es soweit der sanierte und erweiterte \u00f6ffentliche Spielplatz in Eidenberg wurde er\u00f6ffnet. Der Einladung sind viele Familien gefolgt und verbrachten einen gem\u00fctlichen Nachmittag am <a href=\"https:\/\/www.eidenberg-agenda21.info\/web2\/2023\/09\/attraktivierung-oeffentlicher-spielplatz-eidenberg\/#more-3784\">(weiterlesen)<\/a><\/p>\n<p><a href=\"https:\/\/www.eidenberg-agenda21.info\/web2\/2023\/09\/attraktivierung-oeffentlicher-spielplatz-eidenberg\/\" title=\"&lt;strong&gt;Attraktivierung \u00d6ffentlicher Spielplatz Eidenberg&lt;\/strong&gt;\" data-type-url=\"post_url\" data-type-display=\"default_image\" data-css=\"\" data-size=\"medium\" data-post_id=\"3784\"><img width=\"225\" height=\"300\" src=\"http:\/\/www.eidenberg-agenda21.info\/web2\/wp-content\/uploads\/2023\/09\/IMG-20230903-WA0009-225x300.jpg\" alt=\"\" decoding=\"async\" loading=\"lazy\" srcset=\"https:\/\/www.eidenberg-agenda21.info\/web2\/wp-content\/uploads\/2023\/09\/IMG-20230903-WA0009-225x300.jpg 225w, https:\/\/www.eidenberg-agenda21.info\/web2\/wp-content\/uploads\/2023\/09\/IMG-20230903-WA0009-768x1024.jpg 768w, https:\/\/www.eidenberg-agenda21.info\/web2\/wp-content\/uploads\/2023\/09\/IMG-20230903-WA0009-1152x1536.jpg 1152w, https:\/\/www.eidenberg-agenda21.info\/web2\/wp-content\/uploads\/2023\/09\/IMG-20230903-WA0009.jpg 1200w\" sizes=\"auto, (max-width: 225px) 100vw, 225px\" \/><\/a><\/p>\n<p style=\"\">Eidenberg<\/p>\n<h1 style=\"\">Unser Netzwerk Eidenberg<\/h1>\n<p>WIR, das sind alle, die in der Gemeinde Eidenberg wohnen und denen es etwas bedeutet, ihr Lebensumfeld lebenswert zu gestalten. Nun k\u00f6nnten Sie sagen: \u201eMir passt es ja so, wie es ist. Da braucht man nichts ver\u00e4ndern\u201c. Dem kann die Erfahrung entgegengesetzt werden: \u201eWer stehen bleibt, f\u00e4llt zur\u00fcck\u201c.<\/p>\n<p style=\"\">Agenda 21<\/p>\n<h2><strong>Die Agenda 21<\/strong><\/h2>\n<p><strong><\/strong>ist in Eidenberg eine Plattform, in der zukunftsbewegte Menschen sich treffen und aktiv daran mitarbeiten, dass dieses Zukunftsprofil umgesetzt wird. Zu seiner Realisierung braucht es auch das n\u00f6tige Geld. Angesichts der \u00f6ffentlichen Geldverknappung sind wir mehr als bisher gefordert, dass wir uns auf Gemeindeebene dennoch jenen finanziellen \u201eSpielraum\u201c erhalten, dass wir auch neue, zukunftsweisende Aktivit\u00e4ten setzen k\u00f6nnen.<\/p>\n<p><span><img decoding=\"async\" alt=\"\" data-id=\"3497\" width=\"1200\" data-init-width=\"1920\" height=\"800\" data-init-height=\"1280\" title=\"Kernteam Agenda21 in Eidenberg\" loading=\"lazy\" src=\"\/\/www.eidenberg-agenda21.info\/web2\/wp-content\/uploads\/2022\/09\/agenda21_Gruppenfoto.jpg\" data-width=\"1200\" data-height=\"800\" style=\"aspect-ratio: auto 1920 \/ 1280;\"><\/span><\/p>\n<p>&nbsp;<\/p>\n<p>Es gibt aber auch Vorhaben, die wenig oder gar nichts kosten, daf\u00fcr aber in unserem Denken \u201ein Gang kommen\u201c m\u00fcssen. Hier kann jede\/r bei sich selbst beginnen. Wir vom Kernteam freuen uns, wenn Sie sich angesprochen f\u00fchlen. Vielleicht k\u00f6nnen Sie sogar die eine oder andere Stunde f\u00fcr eine gemeinschaftliche Aufgabe einbringen. Dann nehmen Sie bitte mit uns Kontakt auf. Durch die Mitarbeit vieler soll nachfolgender Sinnspruch bei uns Wirklichkeit werden.<\/p>\n<p>&nbsp;<\/p>\n<p style=\"\"><em><strong>\u201eWenn jede\/r an den anderen denkt, ist auch an mich gedacht\u201c.<\/strong><\/em><\/p>\n<p style=\"\">Kernteam<\/p>\n<p><span><img decoding=\"async\" alt=\"\" data-id=\"3498\" width=\"243\" data-init-width=\"1280\" height=\"364\" data-init-height=\"1920\" title=\"Manfred Sch\u00fctz\" loading=\"lazy\" src=\"\/\/www.eidenberg-agenda21.info\/web2\/wp-content\/uploads\/2022\/09\/agenda21-7546.jpg\" data-width=\"243\" data-height=\"364\" style=\"aspect-ratio: auto 1280 \/ 1920;\"><\/span><\/p>\n<h4>Ing. Manfred Sch\u00fctz<\/h4>\n<p>Teichweg 3, 4201 Eidenbergtechn. Angest. Architektur<\/p>\n<p>Als Agenda21-Aktivist der 1. Stunde blicke ich auf viele Erfolge unseres Weges zur\u00fcck und sehe B\u00fcrgerbeteiligung auch in Zukunft als Schl\u00fcssel zur Bew\u00e4ltigung der aktuellen Herausforderungen!<\/p>\n<p><span><img decoding=\"async\" alt=\"\" data-id=\"3502\" width=\"243\" data-init-width=\"1280\" height=\"364\" data-init-height=\"1920\" title=\"Julian Hierschl\u00e4ger\" loading=\"lazy\" src=\"\/\/www.eidenberg-agenda21.info\/web2\/wp-content\/uploads\/2022\/09\/agenda21-7572.jpg\" data-width=\"243\" data-height=\"364\" style=\"aspect-ratio: auto 1280 \/ 1920;\"><\/span><\/p>\n<h4>Julian Hierschl\u00e4ger<\/h4>\n<p>Kirchenweg 13, 4201 EidenbergSelbst\u00e4ndiger Consultant f\u00fcr digitale Prozesse im Bauwesen<\/p>\n<p>Aufgrund meiner Funktion als Bauausschussobmann der Gemeinde Eidenberg ist mir wichtig, dass EidenbergerInnen bei wichtigen Zukunftsthemen selbst mitgestalten k\u00f6nnen und auch transparent informiert werden. Agenda 21 ist das perfekte Format um Verbesserungsm\u00f6glichkeiten aufzuzeigen und diese gemeinsam mit den Verantwortlichen der Gemeinde umzusetzen. Ich bin Mitglied des Kernteams um die wichtigen Themen wie z.B. Bauen &amp; Wohnen gemeinsam mit EidenbergerInnen zu diskutieren und entsprechende Projekt voranzutreiben.<\/p>\n<p><span><img decoding=\"async\" alt=\"\" data-id=\"3516\" width=\"243\" data-init-width=\"1280\" height=\"364\" data-init-height=\"1920\" title=\"Katharina Neuner\" loading=\"lazy\" src=\"\/\/www.eidenberg-agenda21.info\/web2\/wp-content\/uploads\/2022\/09\/agenda21-7662.jpg\" data-width=\"243\" data-height=\"364\" style=\"aspect-ratio: auto 1280 \/ 1920;\"><\/span><\/p>\n<h4>Mag. (FH) Katharina Neuner<\/h4>\n<p>Sozialarbeiterin<\/p>\n<p>Ich bin im Agenda 21 Kernteam, weil ich so motiviert und inspiriert war von der Teilnahme am heurigen B\u00fcrger:innenrat, dass ich diese Motivation gerne weiter tragen m\u00f6chte.Ich will Teil der L\u00f6sung sein und an der Umsetzung der vielen Visionen f\u00fcr Eidenberg mitwirken.Es freut mich sehr, dass wir in Eidenberg die M\u00f6glichkeit haben, an einem begleiteten B\u00fcrger:innen-Beteiligungsprozess teilzuhaben und unsere Vorstellungen und Ideen einbringen k\u00f6nnen! Ich freue mich darauf, viele dieser Ideen in der Umsetzung zu sehen!<\/p>\n<p><span><img decoding=\"async\" alt=\"\" data-id=\"3500\" width=\"243\" data-init-width=\"1280\" height=\"364\" data-init-height=\"1920\" title=\"Kaiser Bernhard\" loading=\"lazy\" src=\"\/\/www.eidenberg-agenda21.info\/web2\/wp-content\/uploads\/2022\/09\/agenda21-7561.jpg\" data-width=\"243\" data-height=\"364\" style=\"aspect-ratio: auto 1280 \/ 1920;\"><\/span><\/p>\n<h4>Kaiser Bernhard<\/h4>\n<p>Kirchenweg 17, 4201 EidenbergAmtsleiter<\/p>\n<p>Im Kernteam bin ich, weil mir Eidenberg und die Menschen die hier leben wichtig sind.Eidenberg bedeutet f\u00fcr mich Heimat.&nbsp;<\/p>\n<p><span><img decoding=\"async\" alt=\"\" data-id=\"3510\" width=\"243\" data-init-width=\"1280\" height=\"364\" data-init-height=\"1920\" title=\"Mario Regenhart\" loading=\"lazy\" src=\"\/\/www.eidenberg-agenda21.info\/web2\/wp-content\/uploads\/2022\/09\/agenda21-7655.jpg\" data-width=\"243\" data-height=\"364\" style=\"aspect-ratio: auto 1280 \/ 1920;\"><\/span><\/p>\n<h4>Mario Regenhart<\/h4>\n<p>Shopmanager<\/p>\n<p>Als Neub\u00fcrger versuche ich neue Ideen und neue Blickwinkel auf gewohntes mitzubringen.<\/p>\n<p><span><img decoding=\"async\" alt=\"\" data-id=\"3503\" width=\"243\" data-init-width=\"1280\" height=\"364\" data-init-height=\"1920\" title=\"Lydia Schmidinger\" loading=\"lazy\" src=\"\/\/www.eidenberg-agenda21.info\/web2\/wp-content\/uploads\/2022\/09\/agenda21-7586.jpg\" data-width=\"243\" data-height=\"364\" style=\"aspect-ratio: auto 1280 \/ 1920;\"><\/span><\/p>\n<h4>Lydia Schmidinger<\/h4>\n<p>Bereits seit mehr als 20 Jahren engagiere ich mich als Agenda21 Mitglied, um aktiv einen Beitrag zur Weiterentwicklung eines lebenswerten Eidenbergs zu leisten. Es ist ein sch\u00f6nes Gef\u00fchl auf zahlreiche Erfolge in den letzten Jahren zur\u00fcckblicken zu d\u00fcrfen. Deshalb m\u00f6chte ich auch weiterhin nachhaltig meinen Beitrag f\u00fcr unser sch\u00f6nes Eidenberg leisten.<\/p>\n<\/p>\n<p><span><img decoding=\"async\" alt=\"\" data-id=\"3507\" width=\"243\" data-init-width=\"1280\" height=\"364\" data-init-height=\"1920\" title=\"Thomas Schwierz\" loading=\"lazy\" src=\"\/\/www.eidenberg-agenda21.info\/web2\/wp-content\/uploads\/2022\/09\/agenda21-7629.jpg\" data-width=\"243\" data-height=\"364\" style=\"aspect-ratio: auto 1280 \/ 1920;\"><\/span><\/p>\n<h4>Konsulent Dr. Thomas Schwierz<\/h4>\n<p>Lichtenberger Str. 96, 4201 EidenbergPensionist<\/p>\n<p>Eidenberg in seiner Urspr\u00fcnglichkeit und Identit\u00e4t zu erhalten und gleichzeitig mit einer zeitgem\u00e4\u00dfen Lebensqualit\u00e4t zu verbinden ist f\u00fcr mich Motivation zur Beteiligung am Agenda-Projekt.<\/p>\n<p><span><img decoding=\"async\" alt=\"\" data-id=\"3508\" width=\"243\" data-init-width=\"1280\" height=\"364\" data-init-height=\"1920\" title=\"Andreas Casta \" loading=\"lazy\" src=\"\/\/www.eidenberg-agenda21.info\/web2\/wp-content\/uploads\/2022\/09\/agenda21-7633.jpg\" data-width=\"243\" data-height=\"364\" style=\"aspect-ratio: auto 1280 \/ 1920;\"><\/span><\/p>\n<h4>Andreas Casta&nbsp;<\/h4>\n<p>Am Donaublick 12, 4201 EidenbergSachverst\u00e4ndiger f\u00fcr Vorbeugenden Brandschutz<\/p>\n<p>Wir haben das Privileg in einer absolut lebens- und liebenswerten Gemeinde wohnen zu d\u00fcrfen. Das ist aber keine Selbstverst\u00e4ndlichkeit sondern das Ergebnis unz\u00e4hliger ehrenamtlicher Stunden, wie z.B. in den vergangenen Agenda-Prozessen. Ich engagiere mich im Kernteam, weil auch ich einen kleinen Beitrag zu diesem gro\u00dfartigen Ganzen leisten m\u00f6chte.<\/p>\n<\/p>\n<p><span><img decoding=\"async\" alt=\"\" data-id=\"3499\" width=\"243\" data-init-width=\"1280\" height=\"364\" data-init-height=\"1920\" title=\"Claudia Wimmer\" loading=\"lazy\" src=\"\/\/www.eidenberg-agenda21.info\/web2\/wp-content\/uploads\/2022\/09\/agenda21-7550.jpg\" data-width=\"243\" data-height=\"364\" style=\"aspect-ratio: auto 1280 \/ 1920;\"><\/span><\/p>\n<h4>Claudia Wimmer<\/h4>\n<p><span><img decoding=\"async\" alt=\"\" data-id=\"3501\" width=\"243\" data-init-width=\"1280\" height=\"364\" data-init-height=\"1920\" title=\"Gerald Hofst\u00e4tter\" loading=\"lazy\" src=\"\/\/www.eidenberg-agenda21.info\/web2\/wp-content\/uploads\/2022\/09\/agenda21-7570.jpg\" data-width=\"243\" data-height=\"364\" style=\"aspect-ratio: auto 1280 \/ 1920;\"><\/span><\/p>\n<h4>Gerald Hofst\u00e4tter<\/h4>\n<p>Teichweg 2, 4201 EidenbergBeamter<\/p>\n<p>Mir ist die zuk\u00fcnftige Entwicklung von Eidenberg, meinem Heimat- und Geburtsort, dem Ort wo ich aufgewachsen bin, wichtig. Da ich meinen Wohnsitz auch in anderen Gemeinden hatte, m\u00f6chte ich meine diesbez\u00fcgliche Sichtweise und Erfahrung einbringen.<\/p>\n<p><span><img decoding=\"async\" alt=\"\" data-id=\"3505\" width=\"243\" data-init-width=\"1280\" height=\"364\" data-init-height=\"1920\" title=\"Dominik Sch\u00fctz\" loading=\"lazy\" src=\"\/\/www.eidenberg-agenda21.info\/web2\/wp-content\/uploads\/2022\/09\/agenda21-7605.jpg\" data-width=\"243\" data-height=\"364\" style=\"aspect-ratio: auto 1280 \/ 1920;\"><\/span><\/p>\n<h4>Oliver Sch\u00fctz<\/h4>\n<p>Teichweg 3, 4201 EidenbergGrafik und Kommunikationsdesigner<\/p>\n<p>Wie stellst du dir die Gemeinde vor, in der du einmal wohnen m\u00f6chtest? Wir sind selbst f\u00fcr die Gestaltung unserer Zukunft verantwortlich, und genau darum geht es bei der Agenda21.<\/p>\n<p><span><img decoding=\"async\" alt=\"\" data-id=\"3504\" width=\"243\" data-init-width=\"1280\" height=\"364\" data-init-height=\"1920\" title=\"Manuel Lanzerstorfer\" loading=\"lazy\" src=\"\/\/www.eidenberg-agenda21.info\/web2\/wp-content\/uploads\/2022\/09\/agenda21-7596.jpg\" data-width=\"243\" data-height=\"364\" style=\"aspect-ratio: auto 1280 \/ 1920;\"><\/span><\/p>\n<h4>Manuel Lanzerstorfer<\/h4>\n<p>Hauptstrasse 6, 4111 WaldingSelbstst\u00e4ndiger Pers\u00f6nlichkeitstrainer f\u00fcr Vereine und Lehrlinge<\/p>\n<p>Aufgewachsen und noch tief verankert in der Heimat, m\u00f6chte ich mich gemeinsam mit vielen Eidenbergerinnen und Eidenbergern weiter um unsere gemeinsame Gemeinde und alle Ortschaften einsetzen.<\/p>\n<\/p>\n<p style=\"\">Kontakt<\/p>\n","protected":false},"excerpt":{"rendered":"<p>Oktober 31, 2023 Ergebnispr\u00e4sentation des Agenda Zukunftsprozess Zur Ergebnispr\u00e4sentation des Agenda Zukunftsprozess werden alle Interessierten am Do. 09.11.2023 \/ 19:30 \/ DLZ-Eidenberg eingeladen. (weiterlesen) September 18, 2023 Krippenbaukurs in Eidenberg: Info-Abend Die Krippenbaukurse ab Herbst 2023 starten Anfang Oktober und Anfang November. (weiterlesen) September 12, 2023 Attraktivierung \u00d6ffentlicher Spielplatz Eidenberg Am Samstag, 2. September 2023 [&hellip;]<\/p>\n","protected":false},"author":1,"featured_media":3149,"parent":0,"menu_order":0,"comment_status":"closed","ping_status":"closed","template":"","meta":{"footnotes":""},"class_list":["post-3136","page","type-page","status-publish","has-post-thumbnail","hentry","post-wrapper","thrv_wrapper"],"_links":{"self":[{"href":"http:\/\/www.eidenberg-agenda21.info\/web2\/wp-json\/wp\/v2\/pages\/3136","targetHints":{"allow":["GET"]}}],"collection":[{"href":"http:\/\/www.eidenberg-agenda21.info\/web2\/wp-json\/wp\/v2\/pages"}],"about":[{"href":"http:\/\/www.eidenberg-agenda21.info\/web2\/wp-json\/wp\/v2\/types\/page"}],"author":[{"embeddable":true,"href":"http:\/\/www.eidenberg-agenda21.info\/web2\/wp-json\/wp\/v2\/users\/1"}],"replies":[{"embeddable":true,"href":"http:\/\/www.eidenberg-agenda21.info\/web2\/wp-json\/wp\/v2\/comments?post=3136"}],"version-history":[{"count":53,"href":"http:\/\/www.eidenberg-agenda21.info\/web2\/wp-json\/wp\/v2\/pages\/3136\/revisions"}],"predecessor-version":[{"id":3992,"href":"http:\/\/www.eidenberg-agenda21.info\/web2\/wp-json\/wp\/v2\/pages\/3136\/revisions\/3992"}],"wp:featuredmedia":[{"embeddable":true,"href":"http:\/\/www.eidenberg-agenda21.info\/web2\/wp-json\/wp\/v2\/media\/3149"}],"wp:attachment":[{"href":"http:\/\/www.eidenberg-agenda21.info\/web2\/wp-json\/wp\/v2\/media?parent=3136"}],"curies":[{"name":"wp","href":"https:\/\/api.w.org\/{rel}","templated":true}]}}